{"id":3,"date":"2023-01-05T10:46:45","date_gmt":"2023-01-05T10:46:45","guid":{"rendered":"https:\/\/skysolution.sky663.dk\/?page_id=3"},"modified":"2024-11-15T13:00:16","modified_gmt":"2024-11-15T12:00:16","slug":"personvernerklaering","status":"publish","type":"page","link":"https:\/\/skysolution.dk\/nb\/privatlivspolitik\/","title":{"rendered":"Retningslinjer for personvern"},"content":{"rendered":"<div class=\"wpb-content-wrapper\"><div data-parent=\"true\" class=\"vc_row row-container\" id=\"row-unique-0\"><div class=\"row double-top-padding double-bottom-padding single-h-padding limit-width row-parent\"><div class=\"wpb_row row-inner\"><div class=\"wpb_column pos-top pos-center align_left column_parent col-lg-12 single-internal-gutter\"><div class=\"uncol style-light\"  ><div class=\"uncoltable\"><div class=\"uncell no-block-padding\" ><div class=\"uncont\" ><div class=\"uncode_text_column\" ><\/p>\n<h1>Privatlivspolitik<\/h1>\n<h3><strong>Cookies<\/strong><\/h3>\n<p>Websitet anvender \u201dcookies\u201d, der er en tekstfil, som gemmes p\u00e5 din computer, mobil el. tilsvarende med det form\u00e5l at genkende den, huske indstillinger, udf\u00f8re statistik og m\u00e5lrette annoncer. Cookies kan ikke indeholde skadelig kode som f.eks. virus.<br \/>\nHvis du ikke \u00f8nsker, at der indsamles oplysninger, b\u00f8r du slette dine cookies (<a href=\"https:\/\/minecookies.org\/cookiehandtering\/\" target=\"_blank\" rel=\"noopener\">se vejledning<\/a>) og undlade videre brug af websitet.<\/p>\n<h3><strong>Personoplysninger<\/strong><\/h3>\n<p><strong>Generelt<\/strong><br \/>\nPersonoplysninger er alle slags informationer, der i et eller andet omfang kan henf\u00f8res til dig. N\u00e5r du benytter vores skysolution.dk \u00a0indsamler og behandler vi en r\u00e6kke s\u00e5danne informationer. Det sker f.eks. ved alm. tilgang af indhold, hvis du tilmelder dig vores nyhedsbrev eller sender en kontaktbesked til os.<\/p>\n<p>For at m\u00e5le B2B-brugen af vores hjemmeside bruger vi Leadinfo, som er et leadgenererende software med base i Rotterdam. Dette software giver os information s\u00e5 som firmanavne og adresser baseret p\u00e5 IP-adresserne for vores bes\u00f8gende p\u00e5 hjemmesiden. IP-adressen bliver efterf\u00f8lgende ikke gemt eller opbevaret.<\/p>\n<p><strong>Sikkerhed<br \/>\n<\/strong>Vi har truffet tekniske og organisatoriske foranstaltninger mod, at dine oplysninger h\u00e6ndeligt eller ulovligt bliver slettet, offentliggjort, fortabt, forringet eller kommer til uvedkommendes kendskab, misbruges eller i \u00f8vrigt behandles i strid med persondataforordningen.<\/p>\n<p>Dine data ligger p\u00e5 et dansk ISO sikkerhedscertificeret webhotel og vi har desuden beskyttet siden p\u00e5 f\u00f8lgende m\u00e5der:<\/p>\n<ul>\n<li>Driftoverv\u00e5gning (skysolution f\u00e5r besked hvis siden er nede 7\/24)<\/li>\n<li>Daglig backup der gemmes 30 dage<\/li>\n<li>Anti hacking software lagt p\u00e5 hjemmesiden\/webshoppen og siden bliver skannet ugentlig for skadelig software<\/li>\n<li>Tilgang til side og data overv\u00e5ges og der lukkes for tilgang efter 5 mislykkede fors\u00f8g.<\/li>\n<li>Audit log over hvem\/hvad\/hvorn\u00e5r der er lavet \u00e6ndringer p\u00e5 siden<\/li>\n<li>L\u00f8bende opdatering af sidens software for at minimere hackingsangreb<\/li>\n<li>SSL certifikat lagt p\u00e5 siden s\u00e5 den k\u00f8rer https<\/li>\n<\/ul>\n<p><strong>Periode for opbevaring<br \/>\n<\/strong>Oplysningerne opbevares i det tidsrum, der er tilladt i henhold til lovgivningen, og vi sletter dem, n\u00e5r de ikke l\u00e6ngere er n\u00f8dvendige. Perioden afh\u00e6nger af karakteren af oplysningen og baggrunden for opbevaring. Det er derfor ikke muligt at angive en generel tidsramme for, hvorn\u00e5r informationer slettes.<\/p>\n<p><strong>Videregivelse af oplysninger<br \/>\n<\/strong>Videregivelse af personoplysninger som navn og e-mail m.v. vil kun ske, hvis du giver skriftlige samtykke til det. Vi anvender kun databehandlere i EU og alle er der lavet databehandler aftale med. Vores databehandlere er:<\/p>\n<ul>\n<li>Curanet<\/li>\n<li>Google<\/li>\n<li>Bambora<\/li>\n<li>Spanning<\/li>\n<\/ul>\n<p>L\u00e6s mere om vores underdatabehandlere <a href=\"https:\/\/skysolution.dk\/underdatabehandlere\/\">her<\/a>.<\/p>\n<p><strong>Indsigt og klager<br \/>\n<\/strong>Du har ret til at f\u00e5 oplyst, hvilke personoplysninger, vi behandler om dig. Du kan desuden til enhver tid g\u00f8re indsigelse mod, at oplysninger anvendes. Du kan ogs\u00e5 tilbagekalde dit samtykke til, at der bliver behandlet oplysninger om dig. Hvis de oplysninger, der behandles om dig, er forkerte har du ret til at de bliver rettet eller slettet. Henvendelse herom kan ske til: info@skysolution.dk. Hvis du vil klage over vores behandling af dine personoplysninger, har du ogs\u00e5 mulighed for at tage kontakt til\u00a0<a href=\"https:\/\/www.datatilsynet.dk\/\" target=\"_blank\" rel=\"noopener noreferrer\">Datatilsynet<\/a>.<\/p>\n<p><strong>Udgiver<br \/>\n<\/strong>Websitet ejes og publiceres af:<\/p>\n<p>Skysolution ApS<br \/>\nR\u00f8rsangervej 1<br \/>\n8382 Hinnerup<\/p>\n<p>Telefon: 4038 4731<br \/>\nEmail: info@skysolution.dk<\/p>\n<\/div><\/div><\/div><\/div><\/div><\/div><script id=\"script-row-unique-0\" data-row=\"script-row-unique-0\" type=\"text\/javascript\" class=\"vc_controls\">UNCODE.initRow(document.getElementById(\"row-unique-0\"));<\/script><\/div><\/div><\/div><div data-parent=\"true\" class=\"vc_row row-container desktop-hidden tablet-hidden mobile-hidden\" id=\"row-unique-1\"><div class=\"row limit-width row-parent\"><div class=\"wpb_row row-inner\"><div class=\"wpb_column pos-top pos-center align_left column_parent col-lg-12 single-internal-gutter\"><div class=\"uncol style-light\"  ><div class=\"uncoltable\"><div class=\"uncell no-block-padding\" ><div class=\"uncont\" >\n\t<div class=\"wpb_raw_code wpb_raw_js\" >\n\t\t<div class=\"wpb_wrapper\">\n\t\t\t<div name=\"termly-embed\" data-id=\"0159be5b-f5b7-48d0-bdfc-65d202e80c01\"><\/div>\n<script type=\"text\/javascript\">(function(d, s, id) {\n  var js, tjs = d.getElementsByTagName(s)[0];\n  if (d.getElementById(id)) return;\n  js = d.createElement(s); js.id = id;\n  js.src = \"https:\/\/app.termly.io\/embed-policy.min.js\";\n  tjs.parentNode.insertBefore(js, tjs);\n}(document, 'script', 'termly-jssdk'));<\/script>\n\t\t<\/div>\n\t<\/div>\n<\/div><\/div><\/div><\/div><\/div><script id=\"script-row-unique-1\" data-row=\"script-row-unique-1\" type=\"text\/javascript\" class=\"vc_controls\">UNCODE.initRow(document.getElementById(\"row-unique-1\"));<\/script><\/div><\/div><\/div>\n<\/div>","protected":false},"excerpt":{"rendered":"Privatlivspolitik Cookies Websitet anvender \u201dcookies\u201d, der er en tekstfil, som gemmes p\u00e5 din computer, mobil el. tilsvarende med det form\u00e5l [...]","protected":false},"author":1,"featured_media":0,"parent":0,"menu_order":0,"comment_status":"closed","ping_status":"closed","template":"","meta":{"_acf_changed":false,"footnotes":""},"class_list":["post-3","page","type-page","status-publish","hentry"],"acf":[],"yoast_head":"<!-- This site is optimized with the Yoast SEO plugin v27.4 - https:\/\/yoast.com\/product\/yoast-seo-wordpress\/ -->\n<title>Privatlivspolitik - Skysolution<\/title>\n<meta name=\"description\" content=\"Skysolution&#039;s privatlivspolitik generes via vores cookie popup software, s\u00e5 den altid lever op til alle g\u00e6ldende GDPR krav\" \/>\n<meta name=\"robots\" content=\"index, follow, max-snippet:-1, max-image-preview:large, max-video-preview:-1\" \/>\n<link rel=\"canonical\" href=\"https:\/\/skysolution.dk\/nb\/personvernerklaering\/\" \/>\n<meta property=\"og:locale\" content=\"nb_NO\" \/>\n<meta property=\"og:type\" content=\"article\" \/>\n<meta property=\"og:title\" content=\"Privatlivspolitik - Skysolution\" \/>\n<meta property=\"og:description\" content=\"Skysolution&#039;s privatlivspolitik generes via vores cookie popup software, s\u00e5 den altid lever op til alle g\u00e6ldende GDPR krav\" \/>\n<meta property=\"og:url\" content=\"https:\/\/skysolution.dk\/nb\/personvernerklaering\/\" \/>\n<meta property=\"og:site_name\" content=\"Skysolution\" \/>\n<meta property=\"article:publisher\" content=\"https:\/\/www.facebook.com\/SkysolutionAps\/\" \/>\n<meta property=\"article:modified_time\" content=\"2024-11-15T12:00:16+00:00\" \/>\n<meta property=\"og:image\" content=\"https:\/\/skysolution.dk\/wp-content\/uploads\/2023\/01\/favi.png\" \/>\n\t<meta property=\"og:image:width\" content=\"512\" \/>\n\t<meta property=\"og:image:height\" content=\"512\" \/>\n\t<meta property=\"og:image:type\" content=\"image\/png\" \/>\n<meta name=\"twitter:card\" content=\"summary_large_image\" \/>\n<meta name=\"twitter:label1\" content=\"Ansl. lesetid\" \/>\n\t<meta name=\"twitter:data1\" content=\"3 minutter\" \/>\n<script type=\"application\/ld+json\" class=\"yoast-schema-graph\">{\"@context\":\"https:\\\/\\\/schema.org\",\"@graph\":[{\"@type\":\"WebPage\",\"@id\":\"https:\\\/\\\/skysolution.dk\\\/privatlivspolitik\\\/\",\"url\":\"https:\\\/\\\/skysolution.dk\\\/privatlivspolitik\\\/\",\"name\":\"Privatlivspolitik - Skysolution\",\"isPartOf\":{\"@id\":\"https:\\\/\\\/skysolution.dk\\\/#website\"},\"datePublished\":\"2023-01-05T10:46:45+00:00\",\"dateModified\":\"2024-11-15T12:00:16+00:00\",\"description\":\"Skysolution's privatlivspolitik generes via vores cookie popup software, s\u00e5 den altid lever op til alle g\u00e6ldende GDPR krav\",\"breadcrumb\":{\"@id\":\"https:\\\/\\\/skysolution.dk\\\/privatlivspolitik\\\/#breadcrumb\"},\"inLanguage\":\"nb-NO\",\"potentialAction\":[{\"@type\":\"ReadAction\",\"target\":[\"https:\\\/\\\/skysolution.dk\\\/privatlivspolitik\\\/\"]}]},{\"@type\":\"BreadcrumbList\",\"@id\":\"https:\\\/\\\/skysolution.dk\\\/privatlivspolitik\\\/#breadcrumb\",\"itemListElement\":[{\"@type\":\"ListItem\",\"position\":1,\"name\":\"Hjem\",\"item\":\"https:\\\/\\\/skysolution.dk\\\/\"},{\"@type\":\"ListItem\",\"position\":2,\"name\":\"Privatlivspolitik\"}]},{\"@type\":\"WebSite\",\"@id\":\"https:\\\/\\\/skysolution.dk\\\/#website\",\"url\":\"https:\\\/\\\/skysolution.dk\\\/\",\"name\":\"Skysolution\",\"description\":\"Vi udvikler webshops og hjemmesider\",\"publisher\":{\"@id\":\"https:\\\/\\\/skysolution.dk\\\/#organization\"},\"potentialAction\":[{\"@type\":\"SearchAction\",\"target\":{\"@type\":\"EntryPoint\",\"urlTemplate\":\"https:\\\/\\\/skysolution.dk\\\/?s={search_term_string}\"},\"query-input\":{\"@type\":\"PropertyValueSpecification\",\"valueRequired\":true,\"valueName\":\"search_term_string\"}}],\"inLanguage\":\"nb-NO\"},{\"@type\":\"Organization\",\"@id\":\"https:\\\/\\\/skysolution.dk\\\/#organization\",\"name\":\"Skysolution ApS\",\"url\":\"https:\\\/\\\/skysolution.dk\\\/\",\"logo\":{\"@type\":\"ImageObject\",\"inLanguage\":\"nb-NO\",\"@id\":\"https:\\\/\\\/skysolution.dk\\\/#\\\/schema\\\/logo\\\/image\\\/\",\"url\":\"https:\\\/\\\/skysolution.dk\\\/wp-content\\\/uploads\\\/2023\\\/01\\\/favi.png\",\"contentUrl\":\"https:\\\/\\\/skysolution.dk\\\/wp-content\\\/uploads\\\/2023\\\/01\\\/favi.png\",\"width\":512,\"height\":512,\"caption\":\"Skysolution ApS\"},\"image\":{\"@id\":\"https:\\\/\\\/skysolution.dk\\\/#\\\/schema\\\/logo\\\/image\\\/\"},\"sameAs\":[\"https:\\\/\\\/www.facebook.com\\\/SkysolutionAps\\\/\"]}]}<\/script>\n<!-- \/ Yoast SEO plugin. -->","yoast_head_json":{"title":"Retningslinjer for personvern - Skysolution","description":"Skysolutions personvernerkl\u00e6ring genereres via v\u00e5r popup-programvare for informasjonskapsler, slik at den alltid er i samsvar med alle gjeldende GDPR-krav","robots":{"index":"index","follow":"follow","max-snippet":"max-snippet:-1","max-image-preview":"max-image-preview:large","max-video-preview":"max-video-preview:-1"},"canonical":"https:\/\/skysolution.dk\/nb\/personvernerklaering\/","og_locale":"nb_NO","og_type":"article","og_title":"Privatlivspolitik - Skysolution","og_description":"Skysolution's privatlivspolitik generes via vores cookie popup software, s\u00e5 den altid lever op til alle g\u00e6ldende GDPR krav","og_url":"https:\/\/skysolution.dk\/nb\/personvernerklaering\/","og_site_name":"Skysolution","article_publisher":"https:\/\/www.facebook.com\/SkysolutionAps\/","article_modified_time":"2024-11-15T12:00:16+00:00","og_image":[{"width":512,"height":512,"url":"https:\/\/skysolution.dk\/wp-content\/uploads\/2023\/01\/favi.png","type":"image\/png"}],"twitter_card":"summary_large_image","twitter_misc":{"Ansl. lesetid":"3 minutter"},"schema":{"@context":"https:\/\/schema.org","@graph":[{"@type":"WebPage","@id":"https:\/\/skysolution.dk\/privatlivspolitik\/","url":"https:\/\/skysolution.dk\/privatlivspolitik\/","name":"Retningslinjer for personvern - Skysolution","isPartOf":{"@id":"https:\/\/skysolution.dk\/#website"},"datePublished":"2023-01-05T10:46:45+00:00","dateModified":"2024-11-15T12:00:16+00:00","description":"Skysolutions personvernerkl\u00e6ring genereres via v\u00e5r popup-programvare for informasjonskapsler, slik at den alltid er i samsvar med alle gjeldende GDPR-krav","breadcrumb":{"@id":"https:\/\/skysolution.dk\/privatlivspolitik\/#breadcrumb"},"inLanguage":"nb-NO","potentialAction":[{"@type":"ReadAction","target":["https:\/\/skysolution.dk\/privatlivspolitik\/"]}]},{"@type":"BreadcrumbList","@id":"https:\/\/skysolution.dk\/privatlivspolitik\/#breadcrumb","itemListElement":[{"@type":"ListItem","position":1,"name":"Hjem","item":"https:\/\/skysolution.dk\/"},{"@type":"ListItem","position":2,"name":"Privatlivspolitik"}]},{"@type":"WebSite","@id":"https:\/\/skysolution.dk\/#website","url":"https:\/\/skysolution.dk\/","name":"Skysolution","description":"Vi utvikler nettbutikker og nettsteder","publisher":{"@id":"https:\/\/skysolution.dk\/#organization"},"potentialAction":[{"@type":"SearchAction","target":{"@type":"EntryPoint","urlTemplate":"https:\/\/skysolution.dk\/?s={search_term_string}"},"query-input":{"@type":"PropertyValueSpecification","valueRequired":true,"valueName":"search_term_string"}}],"inLanguage":"nb-NO"},{"@type":"Organization","@id":"https:\/\/skysolution.dk\/#organization","name":"Skysolution ApS","url":"https:\/\/skysolution.dk\/","logo":{"@type":"ImageObject","inLanguage":"nb-NO","@id":"https:\/\/skysolution.dk\/#\/schema\/logo\/image\/","url":"https:\/\/skysolution.dk\/wp-content\/uploads\/2023\/01\/favi.png","contentUrl":"https:\/\/skysolution.dk\/wp-content\/uploads\/2023\/01\/favi.png","width":512,"height":512,"caption":"Skysolution ApS"},"image":{"@id":"https:\/\/skysolution.dk\/#\/schema\/logo\/image\/"},"sameAs":["https:\/\/www.facebook.com\/SkysolutionAps\/"]}]}},"_links":{"self":[{"href":"https:\/\/skysolution.dk\/nb\/wp-json\/wp\/v2\/pages\/3","targetHints":{"allow":["GET"]}}],"collection":[{"href":"https:\/\/skysolution.dk\/nb\/wp-json\/wp\/v2\/pages"}],"about":[{"href":"https:\/\/skysolution.dk\/nb\/wp-json\/wp\/v2\/types\/page"}],"author":[{"embeddable":true,"href":"https:\/\/skysolution.dk\/nb\/wp-json\/wp\/v2\/users\/1"}],"replies":[{"embeddable":true,"href":"https:\/\/skysolution.dk\/nb\/wp-json\/wp\/v2\/comments?post=3"}],"version-history":[{"count":8,"href":"https:\/\/skysolution.dk\/nb\/wp-json\/wp\/v2\/pages\/3\/revisions"}],"predecessor-version":[{"id":2778,"href":"https:\/\/skysolution.dk\/nb\/wp-json\/wp\/v2\/pages\/3\/revisions\/2778"}],"wp:attachment":[{"href":"https:\/\/skysolution.dk\/nb\/wp-json\/wp\/v2\/media?parent=3"}],"curies":[{"name":"wp","href":"https:\/\/api.w.org\/{rel}","templated":true}]}}