{"id":2475,"date":"2024-09-03T12:47:38","date_gmt":"2024-09-03T10:47:38","guid":{"rendered":"https:\/\/skysolution.sky663.dk\/?page_id=2475"},"modified":"2026-02-20T11:54:32","modified_gmt":"2026-02-20T10:54:32","slug":"teamet","status":"publish","type":"page","link":"https:\/\/skysolution.dk\/nb\/teamet\/","title":{"rendered":"Teamet"},"content":{"rendered":"<div class=\"wpb-content-wrapper\"><div data-parent=\"true\" class=\"vc_row banner-maxwidth row-container\" id=\"row-unique-0\"><div class=\"row-background background-element\">\n\t\t\t\t\t\t\t\t\t\t\t<div class=\"background-wrapper\">\n\t\t\t\t\t\t\t\t\t\t\t\t<div class=\"background-inner lazyload\" style=\"background-image:inherit;background-repeat: no-repeat;background-position: center center;background-attachment: scroll;background-size: cover;\" data-bg-image=\"url(https:\/\/skysolution.dk\/wp-content\/smush-webp\/2024\/07\/skysolution-teamet.jpg.webp)\" data-smush-webp-fallback=\"{&quot;data-bg-image&quot;:&quot;url(https:\\\/\\\/skysolution.dk\\\/wp-content\\\/uploads\\\/2024\\\/07\\\/skysolution-teamet.jpg)&quot;}\"><\/div>\n\t\t\t\t\t\t\t\t\t\t\t\t<div class=\"block-bg-overlay style-color-jevc-bg\" style=\"opacity: 0.4;\"><\/div>\n\t\t\t\t\t\t\t\t\t\t\t<\/div>\n\t\t\t\t\t\t\t\t\t\t<\/div><div class=\"row unequal single-top-padding double-bottom-padding single-h-padding full-width row-parent\" data-height-ratio=\"90\"><div class=\"wpb_row row-inner\"><div class=\"wpb_column pos-bottom pos-center align_left column_parent col-lg-12 single-internal-gutter\"><div class=\"uncol style-light\"  ><div class=\"uncoltable\"><div class=\"uncell no-block-padding\" ><div class=\"uncont\" ><div class=\"vc_row row-internal row-container\"><div class=\"row row-child\"><div class=\"wpb_row row-inner\"><div class=\"wpb_column pos-bottom pos-center align_left column_child col-lg-8 single-internal-gutter\"><div class=\"uncol style-spec style-dark animate_when_almost_visible alpha-anim\" data-delay=\"200\"><div class=\"uncoltable\"><div class=\"uncell no-block-padding\" ><div class=\"uncont\" ><div class=\"vc_custom_heading_wrap\"><div class=\"heading-text el-text alpha-anim animate_when_almost_visible\" ><h1 class=\"custom fontsize-119484-custom font-size-custom\" ><span>Om <span class=\"highlighted\">teamet<\/span><\/span><\/h1><\/div><div class=\"clear\"><\/div><\/div><div class=\"vc_custom_heading_wrap\"><div class=\"heading-text el-text\" ><p class=\"h4 text-color-xsdn-color\" ><span>Skysolution ble etablert i 2013, og siden den gang har vi stolt designet og utviklet over 250 nettsteder og e-handelsl\u00f8sninger for kunder i b\u00e5de Danmark og Norge.<\/span><\/p><\/div><div class=\"clear\"><\/div><\/div><div class=\"empty-space empty-single\" ><span class=\"empty-space-inner\"><\/span><\/div>\n<\/div><\/div><\/div><\/div><\/div><div class=\"wpb_column pos-top pos-center align_left column_child col-lg-4 single-internal-gutter\"><div class=\"uncol style-light\" ><div class=\"uncoltable\"><div class=\"uncell no-block-padding\" ><div class=\"uncont\" ><\/div><\/div><\/div><\/div><\/div><\/div><\/div><\/div><\/div><\/div><\/div><\/div><\/div><script id=\"script-row-unique-0\" data-row=\"script-row-unique-0\" type=\"text\/javascript\" class=\"vc_controls\">UNCODE.initRow(document.getElementById(\"row-unique-0\"));<\/script><\/div><\/div><\/div><div data-parent=\"true\" class=\"vc_row row-container\" id=\"row-unique-1\"><div class=\"row col-double-gutter triple-top-padding triple-bottom-padding single-h-padding limit-width row-parent\"><div class=\"wpb_row row-inner\"><div class=\"wpb_column pos-middle pos-center align_left column_parent col-lg-6 single-internal-gutter\"><div class=\"uncol style-light\"  ><div class=\"uncoltable\"><div class=\"uncell no-block-padding\" ><div class=\"uncont\" ><div class=\"vc_custom_heading_wrap\"><div class=\"heading-text el-text\" ><h2 class=\"h1 font-weight-400\" ><span>Vi holder til i Hinnerup og Sk\u00f8dstrup<\/span><\/h2><\/div><div class=\"clear\"><\/div><\/div><div class=\"uncode_text_column\" ><p>M\u00e5let v\u00e5rt er \u00e5 hjelpe sm\u00e5 og mellomstore bedrifter med \u00e5 realisere sitt digitale potensial gjennom skreddersydde l\u00f8sninger som st\u00f8tter b\u00e5de forretningsstrategien og vekstambisjonene deres.<\/p>\n<p class=\"p1\">V\u00e5r tiln\u00e6rming er konkret og jordn\u00e6r, basert p\u00e5 solide jyske verdier.<\/p>\n<p>\n<\/div><span class=\"btn-container\" ><a role=\"button\"  href=\"\/nb\/kontakt\/\" class=\"custom-link btn border-width-0 dark-text btn-color-481612 btn-no-scale btn-icon-left\" title=\"Kontakt Skysolution ApS\">Skal vi ta en prat?<\/a><\/span><\/div><\/div><\/div><\/div><\/div><div class=\"wpb_column pos-top pos-right align_left column_parent col-lg-6 single-internal-gutter\"><div class=\"uncol style-light\"  ><div class=\"uncoltable\"><div class=\"uncell no-block-padding\" ><div class=\"uncont\" style=\" max-width:600px;\" ><div class=\"vc_row row-internal row-container\"><div class=\"row row-child\"><div class=\"wpb_row row-inner\"><div class=\"wpb_column pos-top pos-center align_left column_child col-lg-6 half-internal-gutter\"><div class=\"uncol style-light\" ><div class=\"uncoltable\"><div class=\"uncell no-block-padding\" ><div class=\"uncont\" ><div class=\"uncode-single-media  text-left\"><div class=\"single-wrapper\" style=\"max-width: 100%;\"><div class=\"tmb tmb-light  img-round img-round-lg tmb-img-ratio tmb-media-first tmb-media-last tmb-content-overlay tmb-no-bg\"><div class=\"t-inside\"><div class=\"t-entry-visual\"><div class=\"t-entry-visual-tc\"><div class=\"uncode-single-media-wrapper img-round img-round-lg\"><div class=\"dummy\" style=\"padding-top: 100%;\"><\/div><img decoding=\"async\" class=\"wp-image-2556 lazyload\" data-src=\"https:\/\/skysolution.dk\/wp-content\/smush-webp\/2024\/09\/ole-kroer.jpg.webp\" width=\"1382\" height=\"1382\" alt=\"\" data-srcset=\"https:\/\/skysolution.dk\/wp-content\/smush-webp\/2024\/09\/ole-kroer.jpg.webp 1382w, https:\/\/skysolution.dk\/wp-content\/smush-webp\/2024\/09\/ole-kroer-300x300.jpg.webp 300w, https:\/\/skysolution.dk\/wp-content\/smush-webp\/2024\/09\/ole-kroer-1024x1024.jpg.webp 1024w, https:\/\/skysolution.dk\/wp-content\/smush-webp\/2024\/09\/ole-kroer-150x150.jpg.webp 150w, https:\/\/skysolution.dk\/wp-content\/smush-webp\/2024\/09\/ole-kroer-768x768.jpg.webp 768w, https:\/\/skysolution.dk\/wp-content\/smush-webp\/2024\/09\/ole-kroer-350x350.jpg.webp 350w, https:\/\/skysolution.dk\/wp-content\/smush-webp\/2024\/09\/ole-kroer-348x348.jpg.webp 348w\" data-sizes=\"(max-width: 1382px) 100vw, 1382px\" src=\"data:image\/svg+xml;base64,PHN2ZyB3aWR0aD0iMSIgaGVpZ2h0PSIxIiB4bWxucz0iaHR0cDovL3d3dy53My5vcmcvMjAwMC9zdmciPjwvc3ZnPg==\" style=\"--smush-placeholder-width: 1382px; --smush-placeholder-aspect-ratio: 1382\/1382;\" data-smush-webp-fallback=\"{&quot;data-src&quot;:&quot;https:\\\/\\\/skysolution.dk\\\/wp-content\\\/uploads\\\/2024\\\/09\\\/ole-kroer.jpg&quot;,&quot;data-srcset&quot;:&quot;https:\\\/\\\/skysolution.dk\\\/wp-content\\\/uploads\\\/2024\\\/09\\\/ole-kroer.jpg 1382w, https:\\\/\\\/skysolution.dk\\\/wp-content\\\/uploads\\\/2024\\\/09\\\/ole-kroer-300x300.jpg 300w, https:\\\/\\\/skysolution.dk\\\/wp-content\\\/uploads\\\/2024\\\/09\\\/ole-kroer-1024x1024.jpg 1024w, https:\\\/\\\/skysolution.dk\\\/wp-content\\\/uploads\\\/2024\\\/09\\\/ole-kroer-150x150.jpg 150w, https:\\\/\\\/skysolution.dk\\\/wp-content\\\/uploads\\\/2024\\\/09\\\/ole-kroer-768x768.jpg 768w, https:\\\/\\\/skysolution.dk\\\/wp-content\\\/uploads\\\/2024\\\/09\\\/ole-kroer-350x350.jpg 350w, https:\\\/\\\/skysolution.dk\\\/wp-content\\\/uploads\\\/2024\\\/09\\\/ole-kroer-348x348.jpg 348w&quot;}\" \/><\/div>\n\t\t\t\t\t<\/div>\n\t\t\t\t<\/div><\/div><\/div><\/div><\/div><div class=\"vc_custom_heading_wrap\"><div class=\"heading-text el-text\" ><h6 class=\"h3\" ><span>Ole Kroer<\/span><\/h6><\/div><div class=\"clear\"><\/div><\/div><div class=\"uncode_text_column vc_custom_1725542968959\"  style=\"margin-top: 0px ;\"><p>Administrerende direkt\u00f8r og grunnlegger<\/p>\n<\/div><div class=\"uncode_text_column\" ><p><strong>Tlf:<\/strong> <a style=\"text-decoration: underline;\" href=\"tel:+4540384731\">+45 40 38 47 31<\/a><br \/>\n<strong>E-post:<\/strong> <a style=\"text-decoration: underline;\" href=\"mailto:info@skysolution.dk\">info@skysolution.dk<\/a><\/p>\n<\/div><\/div><\/div><\/div><\/div><\/div><div class=\"wpb_column pos-top pos-center align_left column_child col-lg-6 half-internal-gutter\"><div class=\"uncol style-light\" ><div class=\"uncoltable\"><div class=\"uncell no-block-padding\" ><div class=\"uncont\" ><div class=\"uncode-single-media  text-left\"><div class=\"single-wrapper\" style=\"max-width: 100%;\"><div class=\"tmb tmb-light  img-round img-round-lg tmb-img-ratio tmb-media-first tmb-media-last tmb-content-overlay tmb-no-bg\"><div class=\"t-inside\"><div class=\"t-entry-visual\"><div class=\"t-entry-visual-tc\"><div class=\"uncode-single-media-wrapper img-round img-round-lg\"><div class=\"dummy\" style=\"padding-top: 100%;\"><\/div><img decoding=\"async\" class=\"wp-image-2482 lazyload\" data-src=\"https:\/\/skysolution.dk\/wp-content\/uploads\/2024\/09\/linkedin-pb-uai-918x918.jpg\" width=\"918\" height=\"918\" alt=\"\" src=\"data:image\/svg+xml;base64,PHN2ZyB3aWR0aD0iMSIgaGVpZ2h0PSIxIiB4bWxucz0iaHR0cDovL3d3dy53My5vcmcvMjAwMC9zdmciPjwvc3ZnPg==\" style=\"--smush-placeholder-width: 918px; --smush-placeholder-aspect-ratio: 918\/918;\"><\/div>\n\t\t\t\t\t<\/div>\n\t\t\t\t<\/div><\/div><\/div><\/div><\/div><div class=\"vc_custom_heading_wrap\"><div class=\"heading-text el-text\" ><h6 class=\"h3\" ><span>Martin Leth Salomon<\/span><\/h6><\/div><div class=\"clear\"><\/div><\/div><div class=\"uncode_text_column vc_custom_1725436587696\"  style=\"margin-top: 0px ;\"><p>Leder for webutvikling<\/p>\n<\/div><div class=\"uncode_text_column\" ><p><strong>Tlf:<\/strong> <a style=\"text-decoration: underline;\" href=\"tel:+4522734315\">+45 22 73 43 15<\/a><br \/>\n<strong>E-post:<\/strong> <a style=\"text-decoration: underline;\" href=\"mailto:martin@skysolution.dk\">martin@skysolution.dk<\/a><\/p>\n<\/div><\/div><\/div><\/div><\/div><\/div><\/div><\/div><\/div><\/div><\/div><\/div><\/div><\/div><script id=\"script-row-unique-1\" data-row=\"script-row-unique-1\" type=\"text\/javascript\" class=\"vc_controls\">UNCODE.initRow(document.getElementById(\"row-unique-1\"));<\/script><\/div><\/div><\/div>\n<\/div>","protected":false},"excerpt":{"rendered":"Om teametSkysolution blev etableret i 2013, og siden da har vi med stolthed designet og udviklet over 250 websites og [...]","protected":false},"author":1,"featured_media":0,"parent":0,"menu_order":0,"comment_status":"closed","ping_status":"closed","template":"","meta":{"_acf_changed":false,"footnotes":""},"class_list":["post-2475","page","type-page","status-publish","hentry"],"acf":[],"yoast_head":"<!-- This site is optimized with the Yoast SEO plugin v27.4 - https:\/\/yoast.com\/product\/yoast-seo-wordpress\/ -->\n<title>Vi er specialiseret i WordPress og WooCommerce - Skysolution<\/title>\n<meta name=\"description\" content=\"Vores m\u00e5l er at hj\u00e6lpe sm\u00e5 og mellemstore virksomheder med at realisere deres digitale potentiale gennem skr\u00e6ddersyede l\u00f8sninger. L\u00e6s mere om os.\" \/>\n<meta name=\"robots\" content=\"index, follow, max-snippet:-1, max-image-preview:large, max-video-preview:-1\" \/>\n<link rel=\"canonical\" href=\"https:\/\/skysolution.dk\/nb\/teamet\/\" \/>\n<meta property=\"og:locale\" content=\"nb_NO\" \/>\n<meta property=\"og:type\" content=\"article\" \/>\n<meta property=\"og:title\" content=\"Vi er specialiseret i WordPress og WooCommerce - Skysolution\" \/>\n<meta property=\"og:description\" content=\"Vores m\u00e5l er at hj\u00e6lpe sm\u00e5 og mellemstore virksomheder med at realisere deres digitale potentiale gennem skr\u00e6ddersyede l\u00f8sninger. L\u00e6s mere om os.\" \/>\n<meta property=\"og:url\" content=\"https:\/\/skysolution.dk\/nb\/teamet\/\" \/>\n<meta property=\"og:site_name\" content=\"Skysolution\" \/>\n<meta property=\"article:publisher\" content=\"https:\/\/www.facebook.com\/SkysolutionAps\/\" \/>\n<meta property=\"article:modified_time\" content=\"2026-02-20T10:54:32+00:00\" \/>\n<meta property=\"og:image\" content=\"https:\/\/skysolution.dk\/wp-content\/uploads\/2023\/01\/favi.png\" \/>\n\t<meta property=\"og:image:width\" content=\"512\" \/>\n\t<meta property=\"og:image:height\" content=\"512\" \/>\n\t<meta property=\"og:image:type\" content=\"image\/png\" \/>\n<meta name=\"twitter:card\" content=\"summary_large_image\" \/>\n<meta name=\"twitter:label1\" content=\"Ansl. lesetid\" \/>\n\t<meta name=\"twitter:data1\" content=\"2 minutter\" \/>\n<script type=\"application\/ld+json\" class=\"yoast-schema-graph\">{\"@context\":\"https:\\\/\\\/schema.org\",\"@graph\":[{\"@type\":\"WebPage\",\"@id\":\"https:\\\/\\\/skysolution.dk\\\/teamet\\\/\",\"url\":\"https:\\\/\\\/skysolution.dk\\\/teamet\\\/\",\"name\":\"Vi er specialiseret i WordPress og WooCommerce - Skysolution\",\"isPartOf\":{\"@id\":\"https:\\\/\\\/skysolution.dk\\\/#website\"},\"datePublished\":\"2024-09-03T10:47:38+00:00\",\"dateModified\":\"2026-02-20T10:54:32+00:00\",\"description\":\"Vores m\u00e5l er at hj\u00e6lpe sm\u00e5 og mellemstore virksomheder med at realisere deres digitale potentiale gennem skr\u00e6ddersyede l\u00f8sninger. L\u00e6s mere om os.\",\"breadcrumb\":{\"@id\":\"https:\\\/\\\/skysolution.dk\\\/teamet\\\/#breadcrumb\"},\"inLanguage\":\"nb-NO\",\"potentialAction\":[{\"@type\":\"ReadAction\",\"target\":[\"https:\\\/\\\/skysolution.dk\\\/teamet\\\/\"]}]},{\"@type\":\"BreadcrumbList\",\"@id\":\"https:\\\/\\\/skysolution.dk\\\/teamet\\\/#breadcrumb\",\"itemListElement\":[{\"@type\":\"ListItem\",\"position\":1,\"name\":\"Hjem\",\"item\":\"https:\\\/\\\/skysolution.dk\\\/\"},{\"@type\":\"ListItem\",\"position\":2,\"name\":\"Teamet\"}]},{\"@type\":\"WebSite\",\"@id\":\"https:\\\/\\\/skysolution.dk\\\/#website\",\"url\":\"https:\\\/\\\/skysolution.dk\\\/\",\"name\":\"Skysolution\",\"description\":\"Vi udvikler webshops og hjemmesider\",\"publisher\":{\"@id\":\"https:\\\/\\\/skysolution.dk\\\/#organization\"},\"potentialAction\":[{\"@type\":\"SearchAction\",\"target\":{\"@type\":\"EntryPoint\",\"urlTemplate\":\"https:\\\/\\\/skysolution.dk\\\/?s={search_term_string}\"},\"query-input\":{\"@type\":\"PropertyValueSpecification\",\"valueRequired\":true,\"valueName\":\"search_term_string\"}}],\"inLanguage\":\"nb-NO\"},{\"@type\":\"Organization\",\"@id\":\"https:\\\/\\\/skysolution.dk\\\/#organization\",\"name\":\"Skysolution ApS\",\"url\":\"https:\\\/\\\/skysolution.dk\\\/\",\"logo\":{\"@type\":\"ImageObject\",\"inLanguage\":\"nb-NO\",\"@id\":\"https:\\\/\\\/skysolution.dk\\\/#\\\/schema\\\/logo\\\/image\\\/\",\"url\":\"https:\\\/\\\/skysolution.dk\\\/wp-content\\\/uploads\\\/2023\\\/01\\\/favi.png\",\"contentUrl\":\"https:\\\/\\\/skysolution.dk\\\/wp-content\\\/uploads\\\/2023\\\/01\\\/favi.png\",\"width\":512,\"height\":512,\"caption\":\"Skysolution ApS\"},\"image\":{\"@id\":\"https:\\\/\\\/skysolution.dk\\\/#\\\/schema\\\/logo\\\/image\\\/\"},\"sameAs\":[\"https:\\\/\\\/www.facebook.com\\\/SkysolutionAps\\\/\"]}]}<\/script>\n<!-- \/ Yoast SEO plugin. -->","yoast_head_json":{"title":"Vi er spesialister p\u00e5 WordPress og WooCommerce - Skysolution","description":"V\u00e5rt m\u00e5l er \u00e5 hjelpe sm\u00e5 og mellomstore bedrifter med \u00e5 realisere sitt digitale potensial gjennom skreddersydde l\u00f8sninger. Les mer om oss.","robots":{"index":"index","follow":"follow","max-snippet":"max-snippet:-1","max-image-preview":"max-image-preview:large","max-video-preview":"max-video-preview:-1"},"canonical":"https:\/\/skysolution.dk\/nb\/teamet\/","og_locale":"nb_NO","og_type":"article","og_title":"Vi er specialiseret i WordPress og WooCommerce - Skysolution","og_description":"Vores m\u00e5l er at hj\u00e6lpe sm\u00e5 og mellemstore virksomheder med at realisere deres digitale potentiale gennem skr\u00e6ddersyede l\u00f8sninger. L\u00e6s mere om os.","og_url":"https:\/\/skysolution.dk\/nb\/teamet\/","og_site_name":"Skysolution","article_publisher":"https:\/\/www.facebook.com\/SkysolutionAps\/","article_modified_time":"2026-02-20T10:54:32+00:00","og_image":[{"width":512,"height":512,"url":"https:\/\/skysolution.dk\/wp-content\/uploads\/2023\/01\/favi.png","type":"image\/png"}],"twitter_card":"summary_large_image","twitter_misc":{"Ansl. lesetid":"2 minutter"},"schema":{"@context":"https:\/\/schema.org","@graph":[{"@type":"WebPage","@id":"https:\/\/skysolution.dk\/teamet\/","url":"https:\/\/skysolution.dk\/teamet\/","name":"Vi er spesialister p\u00e5 WordPress og WooCommerce - Skysolution","isPartOf":{"@id":"https:\/\/skysolution.dk\/#website"},"datePublished":"2024-09-03T10:47:38+00:00","dateModified":"2026-02-20T10:54:32+00:00","description":"V\u00e5rt m\u00e5l er \u00e5 hjelpe sm\u00e5 og mellomstore bedrifter med \u00e5 realisere sitt digitale potensial gjennom skreddersydde l\u00f8sninger. Les mer om oss.","breadcrumb":{"@id":"https:\/\/skysolution.dk\/teamet\/#breadcrumb"},"inLanguage":"nb-NO","potentialAction":[{"@type":"ReadAction","target":["https:\/\/skysolution.dk\/teamet\/"]}]},{"@type":"BreadcrumbList","@id":"https:\/\/skysolution.dk\/teamet\/#breadcrumb","itemListElement":[{"@type":"ListItem","position":1,"name":"Hjem","item":"https:\/\/skysolution.dk\/"},{"@type":"ListItem","position":2,"name":"Teamet"}]},{"@type":"WebSite","@id":"https:\/\/skysolution.dk\/#website","url":"https:\/\/skysolution.dk\/","name":"Skysolution","description":"Vi utvikler nettbutikker og nettsteder","publisher":{"@id":"https:\/\/skysolution.dk\/#organization"},"potentialAction":[{"@type":"SearchAction","target":{"@type":"EntryPoint","urlTemplate":"https:\/\/skysolution.dk\/?s={search_term_string}"},"query-input":{"@type":"PropertyValueSpecification","valueRequired":true,"valueName":"search_term_string"}}],"inLanguage":"nb-NO"},{"@type":"Organization","@id":"https:\/\/skysolution.dk\/#organization","name":"Skysolution ApS","url":"https:\/\/skysolution.dk\/","logo":{"@type":"ImageObject","inLanguage":"nb-NO","@id":"https:\/\/skysolution.dk\/#\/schema\/logo\/image\/","url":"https:\/\/skysolution.dk\/wp-content\/uploads\/2023\/01\/favi.png","contentUrl":"https:\/\/skysolution.dk\/wp-content\/uploads\/2023\/01\/favi.png","width":512,"height":512,"caption":"Skysolution ApS"},"image":{"@id":"https:\/\/skysolution.dk\/#\/schema\/logo\/image\/"},"sameAs":["https:\/\/www.facebook.com\/SkysolutionAps\/"]}]}},"_links":{"self":[{"href":"https:\/\/skysolution.dk\/nb\/wp-json\/wp\/v2\/pages\/2475","targetHints":{"allow":["GET"]}}],"collection":[{"href":"https:\/\/skysolution.dk\/nb\/wp-json\/wp\/v2\/pages"}],"about":[{"href":"https:\/\/skysolution.dk\/nb\/wp-json\/wp\/v2\/types\/page"}],"author":[{"embeddable":true,"href":"https:\/\/skysolution.dk\/nb\/wp-json\/wp\/v2\/users\/1"}],"replies":[{"embeddable":true,"href":"https:\/\/skysolution.dk\/nb\/wp-json\/wp\/v2\/comments?post=2475"}],"version-history":[{"count":75,"href":"https:\/\/skysolution.dk\/nb\/wp-json\/wp\/v2\/pages\/2475\/revisions"}],"predecessor-version":[{"id":2951,"href":"https:\/\/skysolution.dk\/nb\/wp-json\/wp\/v2\/pages\/2475\/revisions\/2951"}],"wp:attachment":[{"href":"https:\/\/skysolution.dk\/nb\/wp-json\/wp\/v2\/media?parent=2475"}],"curies":[{"name":"wp","href":"https:\/\/api.w.org\/{rel}","templated":true}]}}