{"id":1830,"date":"2024-01-04T13:06:09","date_gmt":"2024-01-04T12:06:09","guid":{"rendered":"https:\/\/skysolution.sky663.dk\/?page_id=1830"},"modified":"2024-10-31T10:36:37","modified_gmt":"2024-10-31T09:36:37","slug":"underprosessorer","status":"publish","type":"page","link":"https:\/\/skysolution.dk\/nb\/underdatabehandlere\/","title":{"rendered":"Underprosessorer"},"content":{"rendered":"<div class=\"wpb-content-wrapper\"><div data-parent=\"true\" class=\"vc_row row-container\" id=\"row-unique-0\"><div class=\"row double-top-padding single-bottom-padding single-h-padding limit-width row-parent\"><div class=\"wpb_row row-inner\"><div class=\"wpb_column pos-top pos-center align_left column_parent col-lg-12 single-internal-gutter\"><div class=\"uncol style-light\"  ><div class=\"uncoltable\"><div class=\"uncell no-block-padding\" ><div class=\"uncont\" ><div class=\"uncode_text_column\" ><\/p>\n<h1>Underprosessorer<\/h1>\n<p>Skysolution ApS samarbeider med f\u00f8lgende underleverand\u00f8rer.<br \/>\nVi har en skriftlig databehandleravtale med alle disse som er i samsvar med personvernforordningen.<\/p>\n<\/div><div class=\"empty-space empty-single\" ><span class=\"empty-space-inner\"><\/span><\/div>\n<\/div><\/div><\/div><\/div><\/div><script id=\"script-row-unique-0\" data-row=\"script-row-unique-0\" type=\"text\/javascript\" class=\"vc_controls\">UNCODE.initRow(document.getElementById(\"row-unique-0\"));<\/script><\/div><\/div><\/div><div data-parent=\"true\" class=\"vc_row row-container\" id=\"row-unique-1\"><div class=\"row single-top-padding double-bottom-padding single-h-padding limit-width row-parent\"><div class=\"wpb_row row-inner\"><div class=\"wpb_column pos-top pos-center align_left column_parent col-lg-3 col-md-50 half-internal-gutter\"><div class=\"uncol style-light\"  ><div class=\"uncoltable\"><div class=\"uncell no-block-padding\" ><div class=\"uncont\" ><div class=\"uncode-single-media  text-left\"><div class=\"single-wrapper\" style=\"max-width: 70%;\"><div class=\"tmb tmb-light  tmb-media-first tmb-media-last tmb-content-overlay tmb-no-bg\"><div class=\"t-inside\"><div class=\"t-entry-visual\"><div class=\"t-entry-visual-tc\"><div class=\"uncode-single-media-wrapper\"><img decoding=\"async\" class=\"wp-image-2710 lazyload\" data-src=\"https:\/\/skysolution.dk\/wp-content\/smush-webp\/2024\/10\/curanet.png.webp\" width=\"660\" height=\"160\" alt=\"\" data-srcset=\"https:\/\/skysolution.dk\/wp-content\/smush-webp\/2024\/10\/curanet.png.webp 660w, https:\/\/skysolution.dk\/wp-content\/smush-webp\/2024\/10\/curanet-300x73.png.webp 300w, https:\/\/skysolution.dk\/wp-content\/smush-webp\/2024\/10\/curanet-350x85.png.webp 350w\" data-sizes=\"(max-width: 660px) 100vw, 660px\" src=\"data:image\/svg+xml;base64,PHN2ZyB3aWR0aD0iMSIgaGVpZ2h0PSIxIiB4bWxucz0iaHR0cDovL3d3dy53My5vcmcvMjAwMC9zdmciPjwvc3ZnPg==\" style=\"--smush-placeholder-width: 660px; --smush-placeholder-aspect-ratio: 660\/160;\" data-smush-webp-fallback=\"{&quot;data-src&quot;:&quot;https:\\\/\\\/skysolution.dk\\\/wp-content\\\/uploads\\\/2024\\\/10\\\/curanet.png&quot;,&quot;data-srcset&quot;:&quot;https:\\\/\\\/skysolution.dk\\\/wp-content\\\/uploads\\\/2024\\\/10\\\/curanet.png 660w, https:\\\/\\\/skysolution.dk\\\/wp-content\\\/uploads\\\/2024\\\/10\\\/curanet-300x73.png 300w, https:\\\/\\\/skysolution.dk\\\/wp-content\\\/uploads\\\/2024\\\/10\\\/curanet-350x85.png 350w&quot;}\" \/><\/div>\n\t\t\t\t\t<\/div>\n\t\t\t\t<\/div><\/div><\/div><\/div><\/div><div class=\"uncode_text_column text-small\" ><p>Curanet brukes som webhotell for alle v\u00e5re kunders webl\u00f8sninger, samt betalingsl\u00f8sningen Onpay for mindre nettbutikker.<\/p>\n<\/div><\/div><\/div><\/div><\/div><\/div><div class=\"wpb_column pos-top pos-center align_left column_parent col-lg-3 col-md-50 half-internal-gutter\"><div class=\"uncol style-light\"  ><div class=\"uncoltable\"><div class=\"uncell no-block-padding\" ><div class=\"uncont\" ><div class=\"uncode-single-media  text-left\"><div class=\"single-wrapper\" style=\"max-width: 70%;\"><div class=\"tmb tmb-light  tmb-media-first tmb-media-last tmb-content-overlay tmb-no-bg\"><div class=\"t-inside\"><div class=\"t-entry-visual\"><div class=\"t-entry-visual-tc\"><div class=\"uncode-single-media-wrapper\"><img decoding=\"async\" class=\"wp-image-2711 lazyload\" data-src=\"https:\/\/skysolution.dk\/wp-content\/smush-webp\/2024\/10\/google.png.webp\" width=\"660\" height=\"160\" alt=\"\" data-srcset=\"https:\/\/skysolution.dk\/wp-content\/smush-webp\/2024\/10\/google.png.webp 660w, https:\/\/skysolution.dk\/wp-content\/smush-webp\/2024\/10\/google-300x73.png.webp 300w, https:\/\/skysolution.dk\/wp-content\/smush-webp\/2024\/10\/google-350x85.png.webp 350w\" data-sizes=\"(max-width: 660px) 100vw, 660px\" src=\"data:image\/svg+xml;base64,PHN2ZyB3aWR0aD0iMSIgaGVpZ2h0PSIxIiB4bWxucz0iaHR0cDovL3d3dy53My5vcmcvMjAwMC9zdmciPjwvc3ZnPg==\" style=\"--smush-placeholder-width: 660px; --smush-placeholder-aspect-ratio: 660\/160;\" data-smush-webp-fallback=\"{&quot;data-src&quot;:&quot;https:\\\/\\\/skysolution.dk\\\/wp-content\\\/uploads\\\/2024\\\/10\\\/google.png&quot;,&quot;data-srcset&quot;:&quot;https:\\\/\\\/skysolution.dk\\\/wp-content\\\/uploads\\\/2024\\\/10\\\/google.png 660w, https:\\\/\\\/skysolution.dk\\\/wp-content\\\/uploads\\\/2024\\\/10\\\/google-300x73.png 300w, https:\\\/\\\/skysolution.dk\\\/wp-content\\\/uploads\\\/2024\\\/10\\\/google-350x85.png 350w&quot;}\" \/><\/div>\n\t\t\t\t\t<\/div>\n\t\t\t\t<\/div><\/div><\/div><\/div><\/div><div class=\"uncode_text_column text-small\" ><p>Vi selger prim\u00e6rt automatisk oversettelse av Google Workspace og Google Cloud API.<\/p>\n<\/div><\/div><\/div><\/div><\/div><\/div><div class=\"wpb_column pos-top pos-center align_left column_parent col-lg-3 col-md-50 col-md-clear half-internal-gutter\"><div class=\"uncol style-light\"  ><div class=\"uncoltable\"><div class=\"uncell no-block-padding\" ><div class=\"uncont\" ><div class=\"uncode-single-media  text-left\"><div class=\"single-wrapper\" style=\"max-width: 70%;\"><div class=\"tmb tmb-light  tmb-media-first tmb-media-last tmb-content-overlay tmb-no-bg\"><div class=\"t-inside\"><div class=\"t-entry-visual\"><div class=\"t-entry-visual-tc\"><div class=\"uncode-single-media-wrapper\"><img decoding=\"async\" class=\"wp-image-2712 lazyload\" data-src=\"https:\/\/skysolution.dk\/wp-content\/smush-webp\/2024\/10\/worldline.png.webp\" width=\"660\" height=\"160\" alt=\"\" data-srcset=\"https:\/\/skysolution.dk\/wp-content\/smush-webp\/2024\/10\/worldline.png.webp 660w, https:\/\/skysolution.dk\/wp-content\/smush-webp\/2024\/10\/worldline-300x73.png.webp 300w, https:\/\/skysolution.dk\/wp-content\/smush-webp\/2024\/10\/worldline-350x85.png.webp 350w\" data-sizes=\"(max-width: 660px) 100vw, 660px\" src=\"data:image\/svg+xml;base64,PHN2ZyB3aWR0aD0iMSIgaGVpZ2h0PSIxIiB4bWxucz0iaHR0cDovL3d3dy53My5vcmcvMjAwMC9zdmciPjwvc3ZnPg==\" style=\"--smush-placeholder-width: 660px; --smush-placeholder-aspect-ratio: 660\/160;\" data-smush-webp-fallback=\"{&quot;data-src&quot;:&quot;https:\\\/\\\/skysolution.dk\\\/wp-content\\\/uploads\\\/2024\\\/10\\\/worldline.png&quot;,&quot;data-srcset&quot;:&quot;https:\\\/\\\/skysolution.dk\\\/wp-content\\\/uploads\\\/2024\\\/10\\\/worldline.png 660w, https:\\\/\\\/skysolution.dk\\\/wp-content\\\/uploads\\\/2024\\\/10\\\/worldline-300x73.png 300w, https:\\\/\\\/skysolution.dk\\\/wp-content\\\/uploads\\\/2024\\\/10\\\/worldline-350x85.png 350w&quot;}\" \/><\/div>\n\t\t\t\t\t<\/div>\n\t\t\t\t<\/div><\/div><\/div><\/div><\/div><div class=\"uncode_text_column text-small\" ><p>Skysolution bruker prim\u00e6rt Worldline til betalingsl\u00f8sninger.<\/p>\n<\/div><\/div><\/div><\/div><\/div><\/div><div class=\"wpb_column pos-top pos-center align_left column_parent col-lg-3 col-md-50 col-md-clear half-internal-gutter\"><div class=\"uncol style-light\"  ><div class=\"uncoltable\"><div class=\"uncell no-block-padding\" ><div class=\"uncont\" ><div class=\"uncode-single-media  text-left\"><div class=\"single-wrapper\" style=\"max-width: 70%;\"><div class=\"tmb tmb-light  tmb-media-first tmb-media-last tmb-content-overlay tmb-no-bg\"><div class=\"t-inside\"><div class=\"t-entry-visual\"><div class=\"t-entry-visual-tc\"><div class=\"uncode-single-media-wrapper\"><img decoding=\"async\" class=\"wp-image-2713 lazyload\" data-src=\"https:\/\/skysolution.dk\/wp-content\/smush-webp\/2024\/10\/spanning.png.webp\" width=\"660\" height=\"160\" alt=\"\" data-srcset=\"https:\/\/skysolution.dk\/wp-content\/smush-webp\/2024\/10\/spanning.png.webp 660w, https:\/\/skysolution.dk\/wp-content\/smush-webp\/2024\/10\/spanning-300x73.png.webp 300w, https:\/\/skysolution.dk\/wp-content\/smush-webp\/2024\/10\/spanning-350x85.png.webp 350w\" data-sizes=\"(max-width: 660px) 100vw, 660px\" src=\"data:image\/svg+xml;base64,PHN2ZyB3aWR0aD0iMSIgaGVpZ2h0PSIxIiB4bWxucz0iaHR0cDovL3d3dy53My5vcmcvMjAwMC9zdmciPjwvc3ZnPg==\" style=\"--smush-placeholder-width: 660px; --smush-placeholder-aspect-ratio: 660\/160;\" data-smush-webp-fallback=\"{&quot;data-src&quot;:&quot;https:\\\/\\\/skysolution.dk\\\/wp-content\\\/uploads\\\/2024\\\/10\\\/spanning.png&quot;,&quot;data-srcset&quot;:&quot;https:\\\/\\\/skysolution.dk\\\/wp-content\\\/uploads\\\/2024\\\/10\\\/spanning.png 660w, https:\\\/\\\/skysolution.dk\\\/wp-content\\\/uploads\\\/2024\\\/10\\\/spanning-300x73.png 300w, https:\\\/\\\/skysolution.dk\\\/wp-content\\\/uploads\\\/2024\\\/10\\\/spanning-350x85.png 350w&quot;}\" \/><\/div>\n\t\t\t\t\t<\/div>\n\t\t\t\t<\/div><\/div><\/div><\/div><\/div><div class=\"uncode_text_column text-small\" ><p>Spanning brukes for ekstra sikkerhetskopiering av Google Workspace-kontoer.<\/p>\n<\/div><\/div><\/div><\/div><\/div><\/div><script id=\"script-row-unique-1\" data-row=\"script-row-unique-1\" type=\"text\/javascript\" class=\"vc_controls\">UNCODE.initRow(document.getElementById(\"row-unique-1\"));<\/script><\/div><\/div><\/div>\n<\/div>","protected":false},"excerpt":{"rendered":"Underdatabehandlere Skysolution ApS samarbejder med f\u00f8lgende underdatabehandlere. Vi har, med dem alle, en skriftlig databehandleraftale, der overholder GDPR persondataforordningen. Curanet [...]","protected":false},"author":1,"featured_media":0,"parent":0,"menu_order":0,"comment_status":"closed","ping_status":"closed","template":"","meta":{"_acf_changed":false,"footnotes":""},"class_list":["post-1830","page","type-page","status-publish","hentry"],"acf":[],"yoast_head":"<!-- This site is optimized with the Yoast SEO plugin v27.4 - https:\/\/yoast.com\/product\/yoast-seo-wordpress\/ -->\n<title>Underdatabehandlere - Skysolution<\/title>\n<meta name=\"description\" content=\"Denne side viser en liste over skysolution&#039;s brug af underdatabehandlere, som alle overholder g\u00e6ldende GDPR regler\" \/>\n<meta name=\"robots\" content=\"index, follow, max-snippet:-1, max-image-preview:large, max-video-preview:-1\" \/>\n<link rel=\"canonical\" href=\"https:\/\/skysolution.dk\/nb\/underprosessorer\/\" \/>\n<meta property=\"og:locale\" content=\"nb_NO\" \/>\n<meta property=\"og:type\" content=\"article\" \/>\n<meta property=\"og:title\" content=\"Underdatabehandlere - Skysolution\" \/>\n<meta property=\"og:description\" content=\"Denne side viser en liste over skysolution&#039;s brug af underdatabehandlere, som alle overholder g\u00e6ldende GDPR regler\" \/>\n<meta property=\"og:url\" content=\"https:\/\/skysolution.dk\/nb\/underprosessorer\/\" \/>\n<meta property=\"og:site_name\" content=\"Skysolution\" \/>\n<meta property=\"article:publisher\" content=\"https:\/\/www.facebook.com\/SkysolutionAps\/\" \/>\n<meta property=\"article:modified_time\" content=\"2024-10-31T09:36:37+00:00\" \/>\n<meta property=\"og:image\" content=\"https:\/\/skysolution.dk\/wp-content\/uploads\/2023\/01\/favi.png\" \/>\n\t<meta property=\"og:image:width\" content=\"512\" \/>\n\t<meta property=\"og:image:height\" content=\"512\" \/>\n\t<meta property=\"og:image:type\" content=\"image\/png\" \/>\n<meta name=\"twitter:card\" content=\"summary_large_image\" \/>\n<meta name=\"twitter:label1\" content=\"Ansl. lesetid\" \/>\n\t<meta name=\"twitter:data1\" content=\"1 minutt\" \/>\n<script type=\"application\/ld+json\" class=\"yoast-schema-graph\">{\"@context\":\"https:\\\/\\\/schema.org\",\"@graph\":[{\"@type\":\"WebPage\",\"@id\":\"https:\\\/\\\/skysolution.dk\\\/underdatabehandlere\\\/\",\"url\":\"https:\\\/\\\/skysolution.dk\\\/underdatabehandlere\\\/\",\"name\":\"Underdatabehandlere - Skysolution\",\"isPartOf\":{\"@id\":\"https:\\\/\\\/skysolution.dk\\\/#website\"},\"datePublished\":\"2024-01-04T12:06:09+00:00\",\"dateModified\":\"2024-10-31T09:36:37+00:00\",\"description\":\"Denne side viser en liste over skysolution's brug af underdatabehandlere, som alle overholder g\u00e6ldende GDPR regler\",\"breadcrumb\":{\"@id\":\"https:\\\/\\\/skysolution.dk\\\/underdatabehandlere\\\/#breadcrumb\"},\"inLanguage\":\"nb-NO\",\"potentialAction\":[{\"@type\":\"ReadAction\",\"target\":[\"https:\\\/\\\/skysolution.dk\\\/underdatabehandlere\\\/\"]}]},{\"@type\":\"BreadcrumbList\",\"@id\":\"https:\\\/\\\/skysolution.dk\\\/underdatabehandlere\\\/#breadcrumb\",\"itemListElement\":[{\"@type\":\"ListItem\",\"position\":1,\"name\":\"Hjem\",\"item\":\"https:\\\/\\\/skysolution.dk\\\/\"},{\"@type\":\"ListItem\",\"position\":2,\"name\":\"Underdatabehandlere\"}]},{\"@type\":\"WebSite\",\"@id\":\"https:\\\/\\\/skysolution.dk\\\/#website\",\"url\":\"https:\\\/\\\/skysolution.dk\\\/\",\"name\":\"Skysolution\",\"description\":\"Vi udvikler webshops og hjemmesider\",\"publisher\":{\"@id\":\"https:\\\/\\\/skysolution.dk\\\/#organization\"},\"potentialAction\":[{\"@type\":\"SearchAction\",\"target\":{\"@type\":\"EntryPoint\",\"urlTemplate\":\"https:\\\/\\\/skysolution.dk\\\/?s={search_term_string}\"},\"query-input\":{\"@type\":\"PropertyValueSpecification\",\"valueRequired\":true,\"valueName\":\"search_term_string\"}}],\"inLanguage\":\"nb-NO\"},{\"@type\":\"Organization\",\"@id\":\"https:\\\/\\\/skysolution.dk\\\/#organization\",\"name\":\"Skysolution ApS\",\"url\":\"https:\\\/\\\/skysolution.dk\\\/\",\"logo\":{\"@type\":\"ImageObject\",\"inLanguage\":\"nb-NO\",\"@id\":\"https:\\\/\\\/skysolution.dk\\\/#\\\/schema\\\/logo\\\/image\\\/\",\"url\":\"https:\\\/\\\/skysolution.dk\\\/wp-content\\\/uploads\\\/2023\\\/01\\\/favi.png\",\"contentUrl\":\"https:\\\/\\\/skysolution.dk\\\/wp-content\\\/uploads\\\/2023\\\/01\\\/favi.png\",\"width\":512,\"height\":512,\"caption\":\"Skysolution ApS\"},\"image\":{\"@id\":\"https:\\\/\\\/skysolution.dk\\\/#\\\/schema\\\/logo\\\/image\\\/\"},\"sameAs\":[\"https:\\\/\\\/www.facebook.com\\\/SkysolutionAps\\\/\"]}]}<\/script>\n<!-- \/ Yoast SEO plugin. -->","yoast_head_json":{"title":"Underprosessorer - Skysolution","description":"Denne siden viser en liste over skysolutions bruk av underdatabehandlere, som alle er i samsvar med gjeldende GDPR-regler","robots":{"index":"index","follow":"follow","max-snippet":"max-snippet:-1","max-image-preview":"max-image-preview:large","max-video-preview":"max-video-preview:-1"},"canonical":"https:\/\/skysolution.dk\/nb\/underprosessorer\/","og_locale":"nb_NO","og_type":"article","og_title":"Underdatabehandlere - Skysolution","og_description":"Denne side viser en liste over skysolution's brug af underdatabehandlere, som alle overholder g\u00e6ldende GDPR regler","og_url":"https:\/\/skysolution.dk\/nb\/underprosessorer\/","og_site_name":"Skysolution","article_publisher":"https:\/\/www.facebook.com\/SkysolutionAps\/","article_modified_time":"2024-10-31T09:36:37+00:00","og_image":[{"width":512,"height":512,"url":"https:\/\/skysolution.dk\/wp-content\/uploads\/2023\/01\/favi.png","type":"image\/png"}],"twitter_card":"summary_large_image","twitter_misc":{"Ansl. lesetid":"1 minutt"},"schema":{"@context":"https:\/\/schema.org","@graph":[{"@type":"WebPage","@id":"https:\/\/skysolution.dk\/underdatabehandlere\/","url":"https:\/\/skysolution.dk\/underdatabehandlere\/","name":"Underprosessorer - Skysolution","isPartOf":{"@id":"https:\/\/skysolution.dk\/#website"},"datePublished":"2024-01-04T12:06:09+00:00","dateModified":"2024-10-31T09:36:37+00:00","description":"Denne siden viser en liste over skysolutions bruk av underdatabehandlere, som alle er i samsvar med gjeldende GDPR-regler","breadcrumb":{"@id":"https:\/\/skysolution.dk\/underdatabehandlere\/#breadcrumb"},"inLanguage":"nb-NO","potentialAction":[{"@type":"ReadAction","target":["https:\/\/skysolution.dk\/underdatabehandlere\/"]}]},{"@type":"BreadcrumbList","@id":"https:\/\/skysolution.dk\/underdatabehandlere\/#breadcrumb","itemListElement":[{"@type":"ListItem","position":1,"name":"Hjem","item":"https:\/\/skysolution.dk\/"},{"@type":"ListItem","position":2,"name":"Underdatabehandlere"}]},{"@type":"WebSite","@id":"https:\/\/skysolution.dk\/#website","url":"https:\/\/skysolution.dk\/","name":"Skysolution","description":"Vi utvikler nettbutikker og nettsteder","publisher":{"@id":"https:\/\/skysolution.dk\/#organization"},"potentialAction":[{"@type":"SearchAction","target":{"@type":"EntryPoint","urlTemplate":"https:\/\/skysolution.dk\/?s={search_term_string}"},"query-input":{"@type":"PropertyValueSpecification","valueRequired":true,"valueName":"search_term_string"}}],"inLanguage":"nb-NO"},{"@type":"Organization","@id":"https:\/\/skysolution.dk\/#organization","name":"Skysolution ApS","url":"https:\/\/skysolution.dk\/","logo":{"@type":"ImageObject","inLanguage":"nb-NO","@id":"https:\/\/skysolution.dk\/#\/schema\/logo\/image\/","url":"https:\/\/skysolution.dk\/wp-content\/uploads\/2023\/01\/favi.png","contentUrl":"https:\/\/skysolution.dk\/wp-content\/uploads\/2023\/01\/favi.png","width":512,"height":512,"caption":"Skysolution ApS"},"image":{"@id":"https:\/\/skysolution.dk\/#\/schema\/logo\/image\/"},"sameAs":["https:\/\/www.facebook.com\/SkysolutionAps\/"]}]}},"_links":{"self":[{"href":"https:\/\/skysolution.dk\/nb\/wp-json\/wp\/v2\/pages\/1830","targetHints":{"allow":["GET"]}}],"collection":[{"href":"https:\/\/skysolution.dk\/nb\/wp-json\/wp\/v2\/pages"}],"about":[{"href":"https:\/\/skysolution.dk\/nb\/wp-json\/wp\/v2\/types\/page"}],"author":[{"embeddable":true,"href":"https:\/\/skysolution.dk\/nb\/wp-json\/wp\/v2\/users\/1"}],"replies":[{"embeddable":true,"href":"https:\/\/skysolution.dk\/nb\/wp-json\/wp\/v2\/comments?post=1830"}],"version-history":[{"count":15,"href":"https:\/\/skysolution.dk\/nb\/wp-json\/wp\/v2\/pages\/1830\/revisions"}],"predecessor-version":[{"id":2769,"href":"https:\/\/skysolution.dk\/nb\/wp-json\/wp\/v2\/pages\/1830\/revisions\/2769"}],"wp:attachment":[{"href":"https:\/\/skysolution.dk\/nb\/wp-json\/wp\/v2\/media?parent=1830"}],"curies":[{"name":"wp","href":"https:\/\/api.w.org\/{rel}","templated":true}]}}