{"id":1828,"date":"2024-01-04T12:49:53","date_gmt":"2024-01-04T11:49:53","guid":{"rendered":"https:\/\/skysolution.sky663.dk\/?page_id=1828"},"modified":"2024-10-31T13:29:26","modified_gmt":"2024-10-31T12:29:26","slug":"handelsvilkaar","status":"publish","type":"page","link":"https:\/\/skysolution.dk\/nb\/handelsbetingelser\/","title":{"rendered":"Vilk\u00e5r og betingelser"},"content":{"rendered":"<div class=\"wpb-content-wrapper\"><div data-parent=\"true\" class=\"vc_row row-container\" id=\"row-unique-0\"><div class=\"row double-top-padding double-bottom-padding single-h-padding limit-width row-parent\"><div class=\"wpb_row row-inner\"><div class=\"wpb_column pos-top pos-center align_left column_parent col-lg-12 single-internal-gutter\"><div class=\"uncol style-light\"  ><div class=\"uncoltable\"><div class=\"uncell no-block-padding\" ><div class=\"uncont\" ><div class=\"uncode_text_column\" ><\/p>\n<h1>Vilk\u00e5r og betingelser<\/h1>\n<p>Standardvilk\u00e5r for Skysolution ApS vedr\u00f8rende levering av IT-drift, programvareutvikling, bruk av programvare, konsulenttjenester, r\u00e5dgivning, andre tjenester og materiell.<\/p>\n<p>F\u00f8lgende betingelser gjelder for alle tjenester Skysolution utvikler og leverer, og gjelder inntil de endres skriftlig av Skysolution ApS. Det tas forbehold om trykkfeil og lignende.<\/p>\n<p>Vilk\u00e5rene gjelder med mindre annet er skriftlig avtalt mellom Skysolution ApS og kj\u00f8peren. I tilfelle uklar ordlyd i andre dokumenter, skal tolkningen baseres p\u00e5 disse vilk\u00e5rene. I tilfelle muligheten for forskjellige tolkninger i ordrebekreftelsen, tilbudet og leveringsbetingelsene, gjelder dokumentene i f\u00f8lgende prioriteringsrekkef\u00f8lge:<\/p>\n<ul>\n<li>Ordrebekreftelse fra Skysolution ApS<\/li>\n<li>Tilbud fra Skysolution ApS<\/li>\n<li>Standard vilk\u00e5r og betingelser fra Skysolution ApS<\/li>\n<li>Kravspesifikasjon etc. utarbeidet av kunden.<\/li>\n<\/ul>\n<p>Kj\u00f8perens egne leverings- og innkj\u00f8psbetingelser medf\u00f8rer ingen forpliktelser for Skysolution ApS, med mindre Skysolution ApS har akseptert dem skriftlig. Ved \u00e5 legge inn en bestilling erkl\u00e6rer kj\u00f8peren \u00e5 v\u00e6re n\u00e6ringsdrivende.<\/p>\n<p><strong>1. Tilbud, aksept og ordrebekreftelse\u00a0<\/strong><\/p>\n<p>1.1 Hvis et skriftlig tilbud er inngitt, er det kun bindende for Skysolution ApS hvis det aksepteres innen 30 dager fra datoen for Skysolution ApS' tilbud eller innen den korteste akseptfristen som m\u00e5tte v\u00e6re angitt.<\/p>\n<p>1.2 Skysolution ApS forbeholder seg retten til \u00e5 formidle salg.<\/p>\n<p>1.3 Hvis Skysolution ApS ordrebekreftelse avviker fra kj\u00f8perens bestilling ved tillegg, begrensning eller forbehold, og kj\u00f8peren ikke vil godta disse endringene, m\u00e5 han gi beskjed til Skysolution ApS innen 8 dager. I motsatt fall gjelder kun Skysolution ApS ordrebekreftelse.<\/p>\n<p>1.4 Spesifikke krav fra kj\u00f8peren er kun bindende i den utstrekning de er skriftlig bekreftet av Skysolution ApS.<\/p>\n<p><strong>2. Opphavsrett, bruksrett og eiendomsrett\u00a0<\/strong><\/p>\n<p>2.1 Skysolution ApS garanterer overfor kj\u00f8peren at de leverte varene ikke krenker tredjeparts patenter eller opphavsrettigheter.<\/p>\n<p>2.2 Skysolution ApS beholder bruks- og eiendomsretten til de leverte varene inntil alle fakturaer vedr\u00f8rende leveransen er betalt.<\/p>\n<p>2.3 Kj\u00f8peren bruker de leverte tjenestene\/materialene som han \u00f8nsker og i den form han \u00f8nsker, s\u00e5 lenge dette skjer i kj\u00f8perens navn.<\/p>\n<p>2.4 Kj\u00f8peren f\u00e5r full eiendomsrett til de leverte tjenestene og det leverte materialet, men Kj\u00f8peren m\u00e5 til enhver tid overholde gjeldende lovgivning og gjeldende lisensrettigheter knyttet til den leverte standardprogramvaren.<\/p>\n<p><strong>3. Kj\u00f8pers utsettelse eller kansellering av bestillingen\u00a0<\/strong><\/p>\n<p>3.1 For visse tjenester har kj\u00f8peren mulighet til \u00e5 kansellere en bestilling eller utsette leveringstiden for visse tjenester p\u00e5 spesielle vilk\u00e5r og mot betaling av allerede utf\u00f8rt arbeid (unders\u00f8kelser, forberedelser osv.), forutsatt at det p\u00e5 forh\u00e5nd er inng\u00e5tt en skriftlig avtale med Skysolution ApS.<\/p>\n<p>3.2 Dersom kj\u00f8peren \u00f8nsker \u00e5 benytte seg av utsettelsesretten, m\u00e5 dette gj\u00f8res med et skriftlig varsel p\u00e5 14 dager.<\/p>\n<p>Hvis leveringen av en ordre utsettes p\u00e5 kundens anmodning, har Skysolution ApS rett til \u00e5 utarbeide forslag til nye, alternative leveringsdatoer under hensyntagen til eksisterende ordrer.<\/p>\n<p><strong>4 Priser\u00a0<\/strong><\/p>\n<p>4.1 De oppgitte prisene er eksklusive merverdiavgift og andre eventuelle avgifter.<\/p>\n<p>4.2 Hvis Skysolution ApS' kostnader \u00f8ker som f\u00f8lge av kj\u00f8perens forhold, f.eks. utsettelse\/forsinkelse av prosjekter som utelukkende skyldes kunden, kan Skysolution ApS kreve erstatning for dette.<\/p>\n<p>Godtgj\u00f8relsen er basert p\u00e5 de ekstra timene som er medg\u00e5tt til utf\u00f8relsen av oppdraget som f\u00f8lge av at oppdraget ikke er gjennomf\u00f8rt i en sammenhengende, strukturert arbeidsprosess. De til enhver tid gjeldende timesatser for konsulentbistand legges til grunn ved beregning av slik kompensasjon, med mindre annet er s\u00e6rskilt avtalt.<\/p>\n<p><strong>5. Betaling\u00a0<\/strong><\/p>\n<p>5.1 Skysolution ApS standard betalingsbetingelser er netto 8 dager. For st\u00f8rre prosjekter betales minimum 1\/3 av det totale bestillingsbel\u00f8pet n\u00e5r bestillingen legges inn, og prosjektet igangsettes n\u00e5r dette bel\u00f8pet er betalt.<\/p>\n<p>5.2 Dersom kj\u00f8per ikke betaler i rett tid, beregnes renter fra fakturadato. Renter tilskrives i henhold til rentelovens bestemmelser. I tillegg kan Skysolution ApS kreve purregebyr, inkassogebyr og andre utgifter i forbindelse med inndrivelse av kj\u00f8pesummen. Kj\u00f8pers plikt til \u00e5 betale i tide best\u00e5r selv om kj\u00f8per reklamerer over feil eller mangler, alternativt m\u00e5 kj\u00f8per deponere kj\u00f8pesummen i tilfelle det gj\u00f8res gjeldende feil eller mangler. Kj\u00f8peren er uansett forpliktet til \u00e5 betale i tide for den delen av leveransen som ikke er ber\u00f8rt av feil eller mangler.<\/p>\n<p>Mangler.<\/p>\n<p>5.3 Avtalte rabatter gis kun dersom betaling er mottatt i tide.<\/p>\n<p>5.4 Kj\u00f8peren eller dennes tilknyttede selskaper har ikke rett til \u00e5 motregne krav mot Skysolution ApS' fordringer. Skysolution ApS har s\u00e5ledes rett til effektiv betaling.<\/p>\n<p><strong>6. Force Majeure\u00a0<\/strong><\/p>\n<p>6.1 Skysolution ApS har rett til \u00e5 annullere bestillinger til kj\u00f8peren eller utsette utf\u00f8relsen av dem og er ellers fri for ansvar for manglende, mangelfull eller forsinket levering som helt eller delvis skyldes forhold utenfor Skysolutions kontroll, som for eksempel oppr\u00f8r, uroligheter, krig, brann, offentlige reguleringer, streik, lockout, arbeidsnedleggelse, mangel p\u00e5 transport, varemangel, sykdom eller forsinkelse i eller mangler ved leveranser fra underleverand\u00f8rer, ulykker i produksjon eller testing, naturkatastrofer eller mangel p\u00e5 energiforsyning. Alle Kj\u00f8pers misligholdsbef\u00f8yelser skal suspenderes eller avbrytes i slike tilfeller. I tilfelle avbestilling eller utsatt utf\u00f8relse kan kj\u00f8peren verken kreve erstatning eller gj\u00f8re andre krav gjeldende mot Skysolution ApS.<\/p>\n<p><strong>7. Ansvar og erstatning\u00a0<\/strong><\/p>\n<p>7.1 F\u00f8lgende generelle ansvars- og erstatningsvilk\u00e5r gjelder for alle punkter i disse standardvilk\u00e5rene.<\/p>\n<p>7.2 Ved levering av nettsider og nettbutikker tilbys kunden som standard \u00e5 inng\u00e5 en avtale om l\u00f8pende vedlikehold\/oppdatering av standardprogramvaren mot betaling til Skysolution ApS. Hvis dette velges bort, er det kundens ansvar \u00e5 s\u00f8rge for at disse oppdateringene gj\u00f8res fortl\u00f8pende for \u00e5 minimere risikoen for hacking osv.<\/p>\n<p>7.3 Skysolution ApS er i intet tilfelle som direkte eller indirekte refererer seg til det leverte, dets bruk eller Skysolution ApS tjenester generelt, ansvarlig for indirekte tap og f\u00f8lgeskader, som driftstap, bortkastede kostnader, skade p\u00e5 person, eiendom eller andre f\u00f8lgeskader, herunder tap eller \u00f8deleggelse av data. Skysolution ApS er s\u00e5ledes aldri ansvarlig for driftstap, tapt fortjeneste eller annet indirekte tap.<\/p>\n<p>7.4 Skysolution ApS er under ingen omstendigheter ansvarlig for skader som skyldes kj\u00f8perens manglende oppfyllelse av sine forpliktelser. Skysolution ApS er heller ikke ansvarlig for indirekte skader eller f\u00f8lgeskader, herunder driftstap, tapte besparelser eller krav fra tredjepart mot kj\u00f8peren, selv om Skysolution ApS har blitt gjort oppmerksom p\u00e5 slike skader, driftstap eller krav.<\/p>\n<p>7.5 Hvis Skysolution ApS er forpliktet til \u00e5 betale erstatning i henhold til dansk lov, er erstatningen begrenset til et bel\u00f8p som tilsvarer kostnadene ved \u00e5 utbedre mangelen ved de leverte varene, og den kan ikke overstige den avtalte kj\u00f8pesummen for den aktuelle enheten.<\/p>\n<p>7.6 Ovennevnte begrensning av erstatningsbel\u00f8pet gjelder uavhengig av hvordan kravet er begrunnet eller formulert, og gjelder dermed ogs\u00e5 krav som er basert p\u00e5 uaktsomhet eller fors\u00f8mmelse.<\/p>\n<p>7.7 Kj\u00f8peren kan ikke gj\u00f8re Skysolution ApS ansvarlig for oppetider og sikkerhet i forbindelse med driften av det utviklede. Skysolution ApS forbeholder seg retten til \u00e5 foreta reparasjoner, utf\u00f8re vedlikehold eller lignende med driftsstans som resultat, uten at kunden kan gj\u00f8re krav gjeldende. Skysolution ApS tilstreber i slike tilfeller \u00e5 varsle om nedetid p\u00e5 forh\u00e5nd via e-post eller telefon (SMS).<\/p>\n<p><strong>8. Kj\u00f8pers \u00f8konomiske forhold\u00a0<\/strong><\/p>\n<p>8.1 Hvis Skysolution ApS mener at kj\u00f8perens \u00f8konomiske situasjon ikke er tilfredsstillende, eller hvis kj\u00f8peren ikke overholder betalingsbetingelsene for tidligere leveranser, har Skysolution ApS rett til \u00e5 kansellere uoppfylte bestillinger, med mindre kj\u00f8peren umiddelbart, etter skriftlig oppfordring, betaler for alle tidligere leverte varer og forskuddsbetaler bestillinger som enn\u00e5 ikke er oppfylt.<\/p>\n<p>8.2 Hvis kj\u00f8perens \u00f8konomiske forhold kan sidestilles med forventet mislighold, kan Skysolution ApS kreve erstatning i henhold til dansk retts alminnelige regler.<\/p>\n<p>8.3 Hvis kj\u00f8peren g\u00e5r i betalingsstandsning, forhandler om akkord eller hvis det blir utstedt konkursdekret eller lignende mot kj\u00f8peren, har Skysolution ApS rett til \u00e5 heve enhver avtale eller innstille fremtidige leveranser uten at kj\u00f8peren kan gj\u00f8re noe krav gjeldende mot Skysolution ApS. Hvis Skysolution ApS har uberettigede fordringer, forfaller disse til betaling umiddelbart.<\/p>\n<p><strong>9. Delvis ugyldighet\u00a0<\/strong><\/p>\n<p>9.1 Dersom en eller flere av bestemmelsene i disse standardvilk\u00e5rene viser seg \u00e5 v\u00e6re ugyldige, ulovlige eller ikke kan h\u00e5ndheves, skal gyldigheten, lovligheten og h\u00e5ndhevbarheten av de \u00f8vrige bestemmelsene ikke p\u00e5virkes eller svekkes av dette.<\/p>\n<p><strong>10. Foreldelse av krav\u00a0<\/strong><\/p>\n<p>10.1 Ingen av partene kan gj\u00f8re gjeldende krav, uansett art eller grunnlag, som oppst\u00e5r i forbindelse med leveranser basert p\u00e5 disse standardvilk\u00e5rene, senere enn 12 m\u00e5neder etter at \u00e5rsaken til kravet er oppst\u00e5tt eller - i tilfelle manglende betaling - senere enn 3 m\u00e5neder etter datoen for siste betaling.<\/p>\n<p><strong>11. Konfidensialitet\u00a0<\/strong><\/p>\n<p>11.1 Partene og deres personale skal iaktta absolutt taushetsplikt overfor uvedkommende med hensyn til opplysninger om medkontrahenten og andres forhold, som de f\u00e5r kjennskap til i forbindelse med de aktiviteter som er beskrevet i denne kontrakten.<\/p>\n<p>varer, tjenester osv. det gjelder.<\/p>\n<p><strong>12. Sted for jurisdiksjon\u00a0<\/strong><\/p>\n<p>12.1 Rettssaker i henhold til disse standardvilk\u00e5rene avgj\u00f8res av retten i \u00c5rhus eller Vestre Landsret dersom saken er omfattet av Vestre Landsretts domsmyndighet.<\/p>\n<\/div><\/div><\/div><\/div><\/div><\/div><script id=\"script-row-unique-0\" data-row=\"script-row-unique-0\" type=\"text\/javascript\" class=\"vc_controls\">UNCODE.initRow(document.getElementById(\"row-unique-0\"));<\/script><\/div><\/div><\/div>\n<\/div>","protected":false},"excerpt":{"rendered":"Handelsbetingelser Standardbetingelser for Skysolution ApS vedr\u00f8rende levering af IT drift, softwareudvikling, brug af software, konsulentbistand, r\u00e5dgivning, \u00f8vrige tjenesteydelser og materiale. [...]","protected":false},"author":1,"featured_media":0,"parent":0,"menu_order":0,"comment_status":"closed","ping_status":"closed","template":"","meta":{"_acf_changed":false,"footnotes":""},"class_list":["post-1828","page","type-page","status-publish","hentry"],"acf":[],"yoast_head":"<!-- This site is optimized with the Yoast SEO plugin v27.4 - https:\/\/yoast.com\/product\/yoast-seo-wordpress\/ -->\n<title>Handelsbetingelser - Skysolution<\/title>\n<meta name=\"description\" content=\"Skysolution&#039;s handelbetingelser d\u00e6kker alle forretninger der laves mellem vores kunder og selskabet Skysolution ApS\" \/>\n<meta name=\"robots\" content=\"index, follow, max-snippet:-1, max-image-preview:large, max-video-preview:-1\" \/>\n<link rel=\"canonical\" href=\"https:\/\/skysolution.dk\/nb\/handelsvilkaar\/\" \/>\n<meta property=\"og:locale\" content=\"nb_NO\" \/>\n<meta property=\"og:type\" content=\"article\" \/>\n<meta property=\"og:title\" content=\"Handelsbetingelser - Skysolution\" \/>\n<meta property=\"og:description\" content=\"Skysolution&#039;s handelbetingelser d\u00e6kker alle forretninger der laves mellem vores kunder og selskabet Skysolution ApS\" \/>\n<meta property=\"og:url\" content=\"https:\/\/skysolution.dk\/nb\/handelsvilkaar\/\" \/>\n<meta property=\"og:site_name\" content=\"Skysolution\" \/>\n<meta property=\"article:publisher\" content=\"https:\/\/www.facebook.com\/SkysolutionAps\/\" \/>\n<meta property=\"article:modified_time\" content=\"2024-10-31T12:29:26+00:00\" \/>\n<meta property=\"og:image\" content=\"https:\/\/skysolution.dk\/wp-content\/uploads\/2023\/01\/favi.png\" \/>\n\t<meta property=\"og:image:width\" content=\"512\" \/>\n\t<meta property=\"og:image:height\" content=\"512\" \/>\n\t<meta property=\"og:image:type\" content=\"image\/png\" \/>\n<meta name=\"twitter:card\" content=\"summary_large_image\" \/>\n<meta name=\"twitter:label1\" content=\"Ansl. lesetid\" \/>\n\t<meta name=\"twitter:data1\" content=\"8 minutter\" \/>\n<script type=\"application\/ld+json\" class=\"yoast-schema-graph\">{\"@context\":\"https:\\\/\\\/schema.org\",\"@graph\":[{\"@type\":\"WebPage\",\"@id\":\"https:\\\/\\\/skysolution.dk\\\/handelsbetingelser\\\/\",\"url\":\"https:\\\/\\\/skysolution.dk\\\/handelsbetingelser\\\/\",\"name\":\"Handelsbetingelser - Skysolution\",\"isPartOf\":{\"@id\":\"https:\\\/\\\/skysolution.dk\\\/#website\"},\"datePublished\":\"2024-01-04T11:49:53+00:00\",\"dateModified\":\"2024-10-31T12:29:26+00:00\",\"description\":\"Skysolution's handelbetingelser d\u00e6kker alle forretninger der laves mellem vores kunder og selskabet Skysolution ApS\",\"breadcrumb\":{\"@id\":\"https:\\\/\\\/skysolution.dk\\\/handelsbetingelser\\\/#breadcrumb\"},\"inLanguage\":\"nb-NO\",\"potentialAction\":[{\"@type\":\"ReadAction\",\"target\":[\"https:\\\/\\\/skysolution.dk\\\/handelsbetingelser\\\/\"]}]},{\"@type\":\"BreadcrumbList\",\"@id\":\"https:\\\/\\\/skysolution.dk\\\/handelsbetingelser\\\/#breadcrumb\",\"itemListElement\":[{\"@type\":\"ListItem\",\"position\":1,\"name\":\"Hjem\",\"item\":\"https:\\\/\\\/skysolution.dk\\\/\"},{\"@type\":\"ListItem\",\"position\":2,\"name\":\"Handelsbetingelser\"}]},{\"@type\":\"WebSite\",\"@id\":\"https:\\\/\\\/skysolution.dk\\\/#website\",\"url\":\"https:\\\/\\\/skysolution.dk\\\/\",\"name\":\"Skysolution\",\"description\":\"Vi udvikler webshops og hjemmesider\",\"publisher\":{\"@id\":\"https:\\\/\\\/skysolution.dk\\\/#organization\"},\"potentialAction\":[{\"@type\":\"SearchAction\",\"target\":{\"@type\":\"EntryPoint\",\"urlTemplate\":\"https:\\\/\\\/skysolution.dk\\\/?s={search_term_string}\"},\"query-input\":{\"@type\":\"PropertyValueSpecification\",\"valueRequired\":true,\"valueName\":\"search_term_string\"}}],\"inLanguage\":\"nb-NO\"},{\"@type\":\"Organization\",\"@id\":\"https:\\\/\\\/skysolution.dk\\\/#organization\",\"name\":\"Skysolution ApS\",\"url\":\"https:\\\/\\\/skysolution.dk\\\/\",\"logo\":{\"@type\":\"ImageObject\",\"inLanguage\":\"nb-NO\",\"@id\":\"https:\\\/\\\/skysolution.dk\\\/#\\\/schema\\\/logo\\\/image\\\/\",\"url\":\"https:\\\/\\\/skysolution.dk\\\/wp-content\\\/uploads\\\/2023\\\/01\\\/favi.png\",\"contentUrl\":\"https:\\\/\\\/skysolution.dk\\\/wp-content\\\/uploads\\\/2023\\\/01\\\/favi.png\",\"width\":512,\"height\":512,\"caption\":\"Skysolution ApS\"},\"image\":{\"@id\":\"https:\\\/\\\/skysolution.dk\\\/#\\\/schema\\\/logo\\\/image\\\/\"},\"sameAs\":[\"https:\\\/\\\/www.facebook.com\\\/SkysolutionAps\\\/\"]}]}<\/script>\n<!-- \/ Yoast SEO plugin. -->","yoast_head_json":{"title":"Vilk\u00e5r og betingelser - Skysolution","description":"Skysolutions vilk\u00e5r og betingelser dekker alle transaksjoner som gj\u00f8res mellom v\u00e5re kunder og selskapet Skysolution ApS","robots":{"index":"index","follow":"follow","max-snippet":"max-snippet:-1","max-image-preview":"max-image-preview:large","max-video-preview":"max-video-preview:-1"},"canonical":"https:\/\/skysolution.dk\/nb\/handelsvilkaar\/","og_locale":"nb_NO","og_type":"article","og_title":"Handelsbetingelser - Skysolution","og_description":"Skysolution's handelbetingelser d\u00e6kker alle forretninger der laves mellem vores kunder og selskabet Skysolution ApS","og_url":"https:\/\/skysolution.dk\/nb\/handelsvilkaar\/","og_site_name":"Skysolution","article_publisher":"https:\/\/www.facebook.com\/SkysolutionAps\/","article_modified_time":"2024-10-31T12:29:26+00:00","og_image":[{"width":512,"height":512,"url":"https:\/\/skysolution.dk\/wp-content\/uploads\/2023\/01\/favi.png","type":"image\/png"}],"twitter_card":"summary_large_image","twitter_misc":{"Ansl. lesetid":"8 minutter"},"schema":{"@context":"https:\/\/schema.org","@graph":[{"@type":"WebPage","@id":"https:\/\/skysolution.dk\/handelsbetingelser\/","url":"https:\/\/skysolution.dk\/handelsbetingelser\/","name":"Vilk\u00e5r og betingelser - Skysolution","isPartOf":{"@id":"https:\/\/skysolution.dk\/#website"},"datePublished":"2024-01-04T11:49:53+00:00","dateModified":"2024-10-31T12:29:26+00:00","description":"Skysolutions vilk\u00e5r og betingelser dekker alle transaksjoner som gj\u00f8res mellom v\u00e5re kunder og selskapet Skysolution ApS","breadcrumb":{"@id":"https:\/\/skysolution.dk\/handelsbetingelser\/#breadcrumb"},"inLanguage":"nb-NO","potentialAction":[{"@type":"ReadAction","target":["https:\/\/skysolution.dk\/handelsbetingelser\/"]}]},{"@type":"BreadcrumbList","@id":"https:\/\/skysolution.dk\/handelsbetingelser\/#breadcrumb","itemListElement":[{"@type":"ListItem","position":1,"name":"Hjem","item":"https:\/\/skysolution.dk\/"},{"@type":"ListItem","position":2,"name":"Handelsbetingelser"}]},{"@type":"WebSite","@id":"https:\/\/skysolution.dk\/#website","url":"https:\/\/skysolution.dk\/","name":"Skysolution","description":"Vi utvikler nettbutikker og nettsteder","publisher":{"@id":"https:\/\/skysolution.dk\/#organization"},"potentialAction":[{"@type":"SearchAction","target":{"@type":"EntryPoint","urlTemplate":"https:\/\/skysolution.dk\/?s={search_term_string}"},"query-input":{"@type":"PropertyValueSpecification","valueRequired":true,"valueName":"search_term_string"}}],"inLanguage":"nb-NO"},{"@type":"Organization","@id":"https:\/\/skysolution.dk\/#organization","name":"Skysolution ApS","url":"https:\/\/skysolution.dk\/","logo":{"@type":"ImageObject","inLanguage":"nb-NO","@id":"https:\/\/skysolution.dk\/#\/schema\/logo\/image\/","url":"https:\/\/skysolution.dk\/wp-content\/uploads\/2023\/01\/favi.png","contentUrl":"https:\/\/skysolution.dk\/wp-content\/uploads\/2023\/01\/favi.png","width":512,"height":512,"caption":"Skysolution ApS"},"image":{"@id":"https:\/\/skysolution.dk\/#\/schema\/logo\/image\/"},"sameAs":["https:\/\/www.facebook.com\/SkysolutionAps\/"]}]}},"_links":{"self":[{"href":"https:\/\/skysolution.dk\/nb\/wp-json\/wp\/v2\/pages\/1828","targetHints":{"allow":["GET"]}}],"collection":[{"href":"https:\/\/skysolution.dk\/nb\/wp-json\/wp\/v2\/pages"}],"about":[{"href":"https:\/\/skysolution.dk\/nb\/wp-json\/wp\/v2\/types\/page"}],"author":[{"embeddable":true,"href":"https:\/\/skysolution.dk\/nb\/wp-json\/wp\/v2\/users\/1"}],"replies":[{"embeddable":true,"href":"https:\/\/skysolution.dk\/nb\/wp-json\/wp\/v2\/comments?post=1828"}],"version-history":[{"count":5,"href":"https:\/\/skysolution.dk\/nb\/wp-json\/wp\/v2\/pages\/1828\/revisions"}],"predecessor-version":[{"id":2906,"href":"https:\/\/skysolution.dk\/nb\/wp-json\/wp\/v2\/pages\/1828\/revisions\/2906"}],"wp:attachment":[{"href":"https:\/\/skysolution.dk\/nb\/wp-json\/wp\/v2\/media?parent=1828"}],"curies":[{"name":"wp","href":"https:\/\/api.w.org\/{rel}","templated":true}]}}