{"id":1869,"date":"2024-01-09T09:19:39","date_gmt":"2024-01-09T08:19:39","guid":{"rendered":"https:\/\/skysolution.sky663.dk\/?page_id=1869"},"modified":"2025-01-30T13:01:55","modified_gmt":"2025-01-30T12:01:55","slug":"contact","status":"publish","type":"page","link":"https:\/\/skysolution.dk\/en\/kontakt\/","title":{"rendered":"Contact us"},"content":{"rendered":"<div class=\"wpb-content-wrapper\"><div data-parent=\"true\" class=\"vc_row has-bg need-focus style-color-vyce-bg row-container\" id=\"row-unique-0\"><div class=\"row single-top-padding quad-bottom-padding single-h-padding limit-width row-parent\"><div class=\"wpb_row row-inner\"><div class=\"wpb_column pos-top pos-center align_left column_parent col-lg-12 double-internal-gutter\"><div class=\"uncol style-light\"  ><div class=\"uncoltable\"><div class=\"uncell no-block-padding\" ><div class=\"uncont\" ><div class=\"vc_row row-internal row-container\"><div class=\"row col-double-gutter row-child\"><div class=\"wpb_row row-inner\"><div class=\"wpb_column pos-top pos-center align_left column_child col-lg-6 half-internal-gutter\"><div class=\"uncol style-spec style-dark sticky-element sticky-sidebar\" ><div class=\"uncoltable\"><div class=\"uncell no-block-padding\" ><div class=\"uncont\" ><div class=\"empty-space empty-double mobile-hidden\" ><span class=\"empty-space-inner\"><\/span><\/div>\n<div class=\"vc_custom_heading_wrap\"><div class=\"heading-text el-text\" ><h1 class=\"h1 text-color-xsdn-color\" ><span>Shall we take a <span class=\"highlighted\">chatter<\/span>?<\/span><\/h1><\/div><div class=\"clear\"><\/div><\/div><div class=\"uncode_text_column\" ><p>We are ready to help you, and you are always welcome to contact us.<br \/>\nWhether you want sparring about your next digital project, more information about our services or something completely different.<\/p>\n<\/div><div class=\"empty-space empty-single mobile-hidden\" ><span class=\"empty-space-inner\"><\/span><\/div>\n<div class=\"uncode_text_column yellow-hover text-color-xsdn-color\" ><\/p>\n<h2>E-mail: <a style=\"text-decoration: underline;\" href=\"mailto:info@skysolution.dk\">info@skysolution.dk<\/a><\/h2>\n<h2>Tel: <a style=\"text-decoration: underline;\" href=\"tel:+4540384731\">+45 40 38 47 31<\/a><\/h2>\n<p>\n<\/div><\/div><\/div><\/div><\/div><\/div><div class=\"wpb_column pos-top pos-center align_left column_child col-lg-6 single-internal-gutter\"><div class=\"uncol style-light\" ><div class=\"uncoltable\"><div class=\"uncell double-block-padding style-color-xsdn-bg unshadow-lg unradius-lg\" ><div class=\"uncont\" ><div class=\"vc_custom_heading_wrap\"><div class=\"heading-text el-text\" ><h3 class=\"h2\" ><span>Write to us!<\/span><\/h3><div><p>Send us a message or use our contact details on this page.<\/p>\n<\/div><\/div><div class=\"clear\"><\/div><\/div><div class=\"uncode_text_column\" ><div class=\"forminator-ui forminator-custom-form forminator-custom-form-1883 forminator-design--flat  forminator_ajax\" data-forminator-render=\"0\" data-form=\"forminator-module-1883\" data-uid=\"69ef26a4c7570\"><br\/><\/div><form\r\n\t\t\t\tid=\"forminator-module-1883\"\r\n\t\t\t\tclass=\"forminator-ui forminator-custom-form forminator-custom-form-1883 forminator-design--flat  forminator_ajax\"\r\n\t\t\t\tmethod=\"post\"\r\n\t\t\t\tdata-forminator-render=\"0\"\r\n\t\t\t\tdata-form-id=\"1883\"\r\n\t\t\t\t data-color-option=\"default\" data-design=\"flat\" data-grid=\"open\" style=\"display: none;\"\r\n\t\t\t\tdata-uid=\"69ef26a4c7570\" action=\"\"\r\n\t\t\t><div role=\"alert\" aria-live=\"polite\" class=\"forminator-response-message forminator-error\" aria-hidden=\"true\"><\/div><div class=\"forminator-row\"><div id=\"name-1\" class=\"forminator-field-name forminator-col forminator-col-6\"><div class=\"forminator-field\"><input type=\"text\" name=\"name-1\" value=\"\" placeholder=\"Name\" id=\"forminator-field-name-1_69ef26a4c7570\" class=\"forminator-input forminator-name--field\" aria-required=\"false\" autocomplete=\"name\" \/><\/div><\/div><div id=\"phone-1\" class=\"forminator-field-phone forminator-col forminator-col-6\"><div class=\"forminator-field\"><input type=\"text\" name=\"phone-1\" value=\"\" placeholder=\"Phone number\" id=\"forminator-field-phone-1_69ef26a4c7570\" class=\"forminator-input forminator-field--phone\" data-required=\"\" aria-required=\"false\" autocomplete=\"off\" \/><\/div><\/div><\/div><div class=\"forminator-row\"><div id=\"email-1\" class=\"forminator-field-email forminator-col forminator-col-12\"><div class=\"forminator-field\"><input type=\"email\" name=\"email-1\" value=\"\" placeholder=\"E-mail\" id=\"forminator-field-email-1_69ef26a4c7570\" class=\"forminator-input forminator-email--field\" data-required=\"1\" aria-required=\"true\" autocomplete=\"email\" \/><\/div><\/div><\/div><div class=\"forminator-row\"><div id=\"textarea-1\" class=\"forminator-field-textarea forminator-col forminator-col-12\"><div class=\"forminator-field\"><textarea name=\"textarea-1\" placeholder=\"Message\" id=\"forminator-field-textarea-1_69ef26a4c7570\" class=\"forminator-textarea\" rows=\"6\" style=\"--forminator-textarea-min-height:140px;\" ><\/textarea><\/div><\/div><\/div><div class=\"forminator-row\"><div id=\"consent-1\" class=\"forminator-field-consent forminator-col forminator-col-12\"><div class=\"forminator-field\"><div class=\"forminator-checkbox__wrapper\"><label id=\"forminator-field-consent-1_69ef26a4c7570__label\" class=\"forminator-checkbox forminator-consent\"><input type=\"checkbox\" name=\"consent-1\" id=\"forminator-field-consent-1_69ef26a4c7570\" value=\"checked\" aria-labelledby=\"forminator-field-consent-1_69ef26a4c7570-label\" aria-describedby=\"forminator-field-consent-1_69ef26a4c7570__description\" data-required=\"true\" aria-required=\"true\" \/><span class=\"forminator-checkbox-box\" aria-hidden=\"true\"><\/span><\/label><div id=\"forminator-field-consent-1_69ef26a4c7570__description\" class=\"forminator-checkbox__label forminator-consent__label\"><p>I accept that Skysolution saves the entered data in order to contact me subsequently regarding this message.<\/p><\/div><\/div><\/div><\/div><\/div><div class=\"forminator-row\"><div id=\"captcha-1\" class=\"forminator-field-captcha forminator-col forminator-col-12\"><div class=\"forminator-captcha-left forminator-g-recaptcha recaptcha-invisible\" data-theme=\"light\" data-badge=\"inline\" data-sitekey=\"6LfnWaYpAAAAACJVrEi1O3zIth2ZqLpvKFuu5swA\" data-size=\"invisible\"><\/div> <\/div><\/div><input type=\"hidden\" name=\"referer_url\" value=\"\" \/><div class=\"forminator-row forminator-row-last\"><div class=\"forminator-col\"><div class=\"forminator-field\"><button class=\"forminator-button forminator-button-submit\">Send a message<\/button><\/div><\/div><\/div><input type=\"hidden\" id=\"forminator_nonce\" name=\"forminator_nonce\" value=\"a0a1a147b2\" \/><input type=\"hidden\" name=\"_wp_http_referer\" value=\"\/en\/wp-json\/wp\/v2\/pages\/1869\" \/><input type=\"hidden\" name=\"form_id\" value=\"1883\"><input type=\"hidden\" name=\"page_id\" value=\"1869\"><input type=\"hidden\" name=\"form_type\" value=\"default\"><input type=\"hidden\" name=\"current_url\" value=\"https:\/\/skysolution.dk\/en\/kontakt\/\"><input type=\"hidden\" name=\"render_id\" value=\"0\"><input type=\"hidden\" name=\"action\" value=\"forminator_submit_form_custom-forms\"><label for=\"input_6\" class=\"forminator-hidden\" aria-hidden=\"true\">Please do not fill in this field. <input id=\"input_6\" type=\"text\" name=\"input_6\" value=\"\" autocomplete=\"off\"><\/label><input type=\"hidden\" name=\"trp-form-language\" value=\"en\"\/><\/form>\n<\/div><\/div><\/div><\/div><\/div><\/div><\/div><\/div><\/div><\/div><\/div><\/div><\/div><\/div><script id=\"script-row-unique-0\" data-row=\"script-row-unique-0\" type=\"text\/javascript\" class=\"vc_controls\">UNCODE.initRow(document.getElementById(\"row-unique-0\"));<\/script><\/div><\/div><\/div>\n<\/div>","protected":false},"excerpt":{"rendered":"Skal vi tage en snak?Vi sidder klar til at hj\u00e6lpe jer, og I er altid velkommen til at tage fat [...]","protected":false},"author":1,"featured_media":0,"parent":0,"menu_order":0,"comment_status":"closed","ping_status":"closed","template":"","meta":{"_acf_changed":false,"footnotes":""},"class_list":["post-1869","page","type-page","status-publish","hentry"],"acf":[],"yoast_head":"<!-- This site is optimized with the Yoast SEO plugin v27.4 - https:\/\/yoast.com\/product\/yoast-seo-wordpress\/ -->\n<title>Kontakt os allerede i dag. Vi ser frem til at h\u00f8re fra jer - Skysolution<\/title>\n<meta name=\"description\" content=\"Vi er altid klar til at hj\u00e6lpe, hvad enten du har sp\u00f8rgsm\u00e5l eller \u00f8nsker at f\u00e5 fat i os. T\u00f8v ikke med at ringe til os for hurtig support.\" \/>\n<meta name=\"robots\" content=\"index, follow, max-snippet:-1, max-image-preview:large, max-video-preview:-1\" \/>\n<link rel=\"canonical\" href=\"https:\/\/skysolution.dk\/en\/contact\/\" \/>\n<meta property=\"og:locale\" content=\"en_GB\" \/>\n<meta property=\"og:type\" content=\"article\" \/>\n<meta property=\"og:title\" content=\"Kontakt os allerede i dag. Vi ser frem til at h\u00f8re fra jer - Skysolution\" \/>\n<meta property=\"og:description\" content=\"Vi er altid klar til at hj\u00e6lpe, hvad enten du har sp\u00f8rgsm\u00e5l eller \u00f8nsker at f\u00e5 fat i os. T\u00f8v ikke med at ringe til os for hurtig support.\" \/>\n<meta property=\"og:url\" content=\"https:\/\/skysolution.dk\/en\/contact\/\" \/>\n<meta property=\"og:site_name\" content=\"Skysolution\" \/>\n<meta property=\"article:publisher\" content=\"https:\/\/www.facebook.com\/SkysolutionAps\/\" \/>\n<meta property=\"article:modified_time\" content=\"2025-01-30T12:01:55+00:00\" \/>\n<meta property=\"og:image\" content=\"https:\/\/skysolution.dk\/wp-content\/uploads\/2023\/01\/favi.png\" \/>\n\t<meta property=\"og:image:width\" content=\"512\" \/>\n\t<meta property=\"og:image:height\" content=\"512\" \/>\n\t<meta property=\"og:image:type\" content=\"image\/png\" \/>\n<meta name=\"twitter:card\" content=\"summary_large_image\" \/>\n<meta name=\"twitter:label1\" content=\"Estimated reading time\" \/>\n\t<meta name=\"twitter:data1\" content=\"1 minute\" \/>\n<script type=\"application\/ld+json\" class=\"yoast-schema-graph\">{\"@context\":\"https:\\\/\\\/schema.org\",\"@graph\":[{\"@type\":\"WebPage\",\"@id\":\"https:\\\/\\\/skysolution.dk\\\/kontakt\\\/\",\"url\":\"https:\\\/\\\/skysolution.dk\\\/kontakt\\\/\",\"name\":\"Kontakt os allerede i dag. Vi ser frem til at h\u00f8re fra jer - Skysolution\",\"isPartOf\":{\"@id\":\"https:\\\/\\\/skysolution.dk\\\/#website\"},\"datePublished\":\"2024-01-09T08:19:39+00:00\",\"dateModified\":\"2025-01-30T12:01:55+00:00\",\"description\":\"Vi er altid klar til at hj\u00e6lpe, hvad enten du har sp\u00f8rgsm\u00e5l eller \u00f8nsker at f\u00e5 fat i os. T\u00f8v ikke med at ringe til os for hurtig support.\",\"breadcrumb\":{\"@id\":\"https:\\\/\\\/skysolution.dk\\\/kontakt\\\/#breadcrumb\"},\"inLanguage\":\"en-GB\",\"potentialAction\":[{\"@type\":\"ReadAction\",\"target\":[\"https:\\\/\\\/skysolution.dk\\\/kontakt\\\/\"]}]},{\"@type\":\"BreadcrumbList\",\"@id\":\"https:\\\/\\\/skysolution.dk\\\/kontakt\\\/#breadcrumb\",\"itemListElement\":[{\"@type\":\"ListItem\",\"position\":1,\"name\":\"Hjem\",\"item\":\"https:\\\/\\\/skysolution.dk\\\/\"},{\"@type\":\"ListItem\",\"position\":2,\"name\":\"Kontakt\"}]},{\"@type\":\"WebSite\",\"@id\":\"https:\\\/\\\/skysolution.dk\\\/#website\",\"url\":\"https:\\\/\\\/skysolution.dk\\\/\",\"name\":\"Skysolution\",\"description\":\"Vi udvikler webshops og hjemmesider\",\"publisher\":{\"@id\":\"https:\\\/\\\/skysolution.dk\\\/#organization\"},\"potentialAction\":[{\"@type\":\"SearchAction\",\"target\":{\"@type\":\"EntryPoint\",\"urlTemplate\":\"https:\\\/\\\/skysolution.dk\\\/?s={search_term_string}\"},\"query-input\":{\"@type\":\"PropertyValueSpecification\",\"valueRequired\":true,\"valueName\":\"search_term_string\"}}],\"inLanguage\":\"en-GB\"},{\"@type\":\"Organization\",\"@id\":\"https:\\\/\\\/skysolution.dk\\\/#organization\",\"name\":\"Skysolution ApS\",\"url\":\"https:\\\/\\\/skysolution.dk\\\/\",\"logo\":{\"@type\":\"ImageObject\",\"inLanguage\":\"en-GB\",\"@id\":\"https:\\\/\\\/skysolution.dk\\\/#\\\/schema\\\/logo\\\/image\\\/\",\"url\":\"https:\\\/\\\/skysolution.dk\\\/wp-content\\\/uploads\\\/2023\\\/01\\\/favi.png\",\"contentUrl\":\"https:\\\/\\\/skysolution.dk\\\/wp-content\\\/uploads\\\/2023\\\/01\\\/favi.png\",\"width\":512,\"height\":512,\"caption\":\"Skysolution ApS\"},\"image\":{\"@id\":\"https:\\\/\\\/skysolution.dk\\\/#\\\/schema\\\/logo\\\/image\\\/\"},\"sameAs\":[\"https:\\\/\\\/www.facebook.com\\\/SkysolutionAps\\\/\"]}]}<\/script>\n<!-- \/ Yoast SEO plugin. -->","yoast_head_json":{"title":"Contact us today. We look forward to hearing from you - Skysolution","description":"We are always ready to help, whether you have questions or want to get in touch with us. Don't hesitate to call us for fast support.","robots":{"index":"index","follow":"follow","max-snippet":"max-snippet:-1","max-image-preview":"max-image-preview:large","max-video-preview":"max-video-preview:-1"},"canonical":"https:\/\/skysolution.dk\/en\/contact\/","og_locale":"en_GB","og_type":"article","og_title":"Kontakt os allerede i dag. Vi ser frem til at h\u00f8re fra jer - Skysolution","og_description":"Vi er altid klar til at hj\u00e6lpe, hvad enten du har sp\u00f8rgsm\u00e5l eller \u00f8nsker at f\u00e5 fat i os. T\u00f8v ikke med at ringe til os for hurtig support.","og_url":"https:\/\/skysolution.dk\/en\/contact\/","og_site_name":"Skysolution","article_publisher":"https:\/\/www.facebook.com\/SkysolutionAps\/","article_modified_time":"2025-01-30T12:01:55+00:00","og_image":[{"width":512,"height":512,"url":"https:\/\/skysolution.dk\/wp-content\/uploads\/2023\/01\/favi.png","type":"image\/png"}],"twitter_card":"summary_large_image","twitter_misc":{"Estimated reading time":"1 minute"},"schema":{"@context":"https:\/\/schema.org","@graph":[{"@type":"WebPage","@id":"https:\/\/skysolution.dk\/kontakt\/","url":"https:\/\/skysolution.dk\/kontakt\/","name":"Contact us today. We look forward to hearing from you - Skysolution","isPartOf":{"@id":"https:\/\/skysolution.dk\/#website"},"datePublished":"2024-01-09T08:19:39+00:00","dateModified":"2025-01-30T12:01:55+00:00","description":"We are always ready to help, whether you have questions or want to get in touch with us. Don't hesitate to call us for fast support.","breadcrumb":{"@id":"https:\/\/skysolution.dk\/kontakt\/#breadcrumb"},"inLanguage":"en-GB","potentialAction":[{"@type":"ReadAction","target":["https:\/\/skysolution.dk\/kontakt\/"]}]},{"@type":"BreadcrumbList","@id":"https:\/\/skysolution.dk\/kontakt\/#breadcrumb","itemListElement":[{"@type":"ListItem","position":1,"name":"Hjem","item":"https:\/\/skysolution.dk\/"},{"@type":"ListItem","position":2,"name":"Kontakt"}]},{"@type":"WebSite","@id":"https:\/\/skysolution.dk\/#website","url":"https:\/\/skysolution.dk\/","name":"Skysolution","description":"We develop webshops and websites","publisher":{"@id":"https:\/\/skysolution.dk\/#organization"},"potentialAction":[{"@type":"SearchAction","target":{"@type":"EntryPoint","urlTemplate":"https:\/\/skysolution.dk\/?s={search_term_string}"},"query-input":{"@type":"PropertyValueSpecification","valueRequired":true,"valueName":"search_term_string"}}],"inLanguage":"en-GB"},{"@type":"Organization","@id":"https:\/\/skysolution.dk\/#organization","name":"Skysolution ApS","url":"https:\/\/skysolution.dk\/","logo":{"@type":"ImageObject","inLanguage":"en-GB","@id":"https:\/\/skysolution.dk\/#\/schema\/logo\/image\/","url":"https:\/\/skysolution.dk\/wp-content\/uploads\/2023\/01\/favi.png","contentUrl":"https:\/\/skysolution.dk\/wp-content\/uploads\/2023\/01\/favi.png","width":512,"height":512,"caption":"Skysolution ApS"},"image":{"@id":"https:\/\/skysolution.dk\/#\/schema\/logo\/image\/"},"sameAs":["https:\/\/www.facebook.com\/SkysolutionAps\/"]}]}},"_links":{"self":[{"href":"https:\/\/skysolution.dk\/en\/wp-json\/wp\/v2\/pages\/1869","targetHints":{"allow":["GET"]}}],"collection":[{"href":"https:\/\/skysolution.dk\/en\/wp-json\/wp\/v2\/pages"}],"about":[{"href":"https:\/\/skysolution.dk\/en\/wp-json\/wp\/v2\/types\/page"}],"author":[{"embeddable":true,"href":"https:\/\/skysolution.dk\/en\/wp-json\/wp\/v2\/users\/1"}],"replies":[{"embeddable":true,"href":"https:\/\/skysolution.dk\/en\/wp-json\/wp\/v2\/comments?post=1869"}],"version-history":[{"count":74,"href":"https:\/\/skysolution.dk\/en\/wp-json\/wp\/v2\/pages\/1869\/revisions"}],"predecessor-version":[{"id":2793,"href":"https:\/\/skysolution.dk\/en\/wp-json\/wp\/v2\/pages\/1869\/revisions\/2793"}],"wp:attachment":[{"href":"https:\/\/skysolution.dk\/en\/wp-json\/wp\/v2\/media?parent=1869"}],"curies":[{"name":"wp","href":"https:\/\/api.w.org\/{rel}","templated":true}]}}